{"id":3268,"date":"2025-06-27T13:34:21","date_gmt":"2025-06-27T13:34:21","guid":{"rendered":"http:\/\/locations-saisonnieres-epinal-dinoze.fr\/?page_id=3268"},"modified":"2025-07-08T13:18:34","modified_gmt":"2025-07-08T13:18:34","slug":"le-domaine-butterfly","status":"publish","type":"page","link":"https:\/\/locations-saisonnieres-epinal-dinoze.fr\/en\/le-domaine-butterfly\/","title":{"rendered":"The Dragonfly Estate"},"content":{"rendered":"<div data-elementor-type=\"wp-page\" data-elementor-id=\"3268\" class=\"elementor elementor-3268\">\n\t\t\t\t<div class=\"elementor-element elementor-element-e14409c e-flex e-con-boxed e-con e-parent\" data-id=\"e14409c\" data-element_type=\"container\" data-e-type=\"container\" data-settings=\"{&quot;background_background&quot;:&quot;classic&quot;}\">\n\t\t\t\t\t<div class=\"e-con-inner\">\n\t\t\t\t<div class=\"elementor-element elementor-element-bfa2761 elementor-widget elementor-widget-heading\" data-id=\"bfa2761\" data-element_type=\"widget\" data-e-type=\"widget\" data-widget_type=\"heading.default\">\n\t\t\t\t<div class=\"elementor-widget-container\">\n\t\t\t\t\t<h2 class=\"elementor-heading-title elementor-size-default\">The Dragonfly Estate<\/h2>\t\t\t\t<\/div>\n\t\t\t\t<\/div>\n\t\t\t\t\t<\/div>\n\t\t\t\t<\/div>\n\t\t<div class=\"elementor-element elementor-element-85021f6 e-flex e-con-boxed e-con e-parent\" data-id=\"85021f6\" data-element_type=\"container\" data-e-type=\"container\" data-settings=\"{&quot;background_background&quot;:&quot;classic&quot;}\">\n\t\t\t\t\t<div class=\"e-con-inner\">\n\t\t<div class=\"elementor-element elementor-element-e6e4ac0 e-con-full e-flex e-con e-child\" data-id=\"e6e4ac0\" data-element_type=\"container\" data-e-type=\"container\">\n\t\t\t\t<div class=\"elementor-element elementor-element-29ce9dc elementor-widget elementor-widget-video\" data-id=\"29ce9dc\" data-element_type=\"widget\" data-e-type=\"widget\" data-settings=\"{&quot;video_type&quot;:&quot;hosted&quot;,&quot;controls&quot;:&quot;yes&quot;}\" data-widget_type=\"video.default\">\n\t\t\t\t<div class=\"elementor-widget-container\">\n\t\t\t\t\t\t\t<div class=\"e-hosted-video elementor-wrapper elementor-open-inline\">\n\t\t\t\t\t<video class=\"elementor-video\" src=\"http:\/\/locations-saisonnieres-epinal-dinoze.fr\/wp-content\/uploads\/2025\/06\/WhatsApp-Video-2025-06-26-a-21.44.45_96a1a3b8.mp4\" controls=\"\" preload=\"metadata\" controlslist=\"nodownload\"><\/video>\n\t\t\t\t<\/div>\n\t\t\t\t\t\t<\/div>\n\t\t\t\t<\/div>\n\t\t\t\t<div class=\"elementor-element elementor-element-d02a592 elementor-widget elementor-widget-image\" data-id=\"d02a592\" data-element_type=\"widget\" data-e-type=\"widget\" data-widget_type=\"image.default\">\n\t\t\t\t<div class=\"elementor-widget-container\">\n\t\t\t\t\t\t\t\t\t\t\t\t\t\t\t<img fetchpriority=\"high\" decoding=\"async\" width=\"800\" height=\"508\" src=\"https:\/\/locations-saisonnieres-epinal-dinoze.fr\/wp-content\/uploads\/2025\/07\/10-1-3-Etang3-Vue-vers-pignon-N-O--1024x650.jpeg\" class=\"attachment-large size-large wp-image-3745\" alt=\"\" srcset=\"https:\/\/locations-saisonnieres-epinal-dinoze.fr\/wp-content\/uploads\/2025\/07\/10-1-3-Etang3-Vue-vers-pignon-N-O--1024x650.jpeg 1024w, https:\/\/locations-saisonnieres-epinal-dinoze.fr\/wp-content\/uploads\/2025\/07\/10-1-3-Etang3-Vue-vers-pignon-N-O--300x190.jpeg 300w, https:\/\/locations-saisonnieres-epinal-dinoze.fr\/wp-content\/uploads\/2025\/07\/10-1-3-Etang3-Vue-vers-pignon-N-O--768x488.jpeg 768w, https:\/\/locations-saisonnieres-epinal-dinoze.fr\/wp-content\/uploads\/2025\/07\/10-1-3-Etang3-Vue-vers-pignon-N-O--1536x975.jpeg 1536w, https:\/\/locations-saisonnieres-epinal-dinoze.fr\/wp-content\/uploads\/2025\/07\/10-1-3-Etang3-Vue-vers-pignon-N-O-.jpeg 1701w\" sizes=\"(max-width: 800px) 100vw, 800px\" \/>\t\t\t\t\t\t\t\t\t\t\t\t\t\t\t<\/div>\n\t\t\t\t<\/div>\n\t\t\t\t<\/div>\n\t\t<div class=\"elementor-element elementor-element-4b31aac e-con-full e-flex e-con e-child\" data-id=\"4b31aac\" data-element_type=\"container\" data-e-type=\"container\">\n\t\t\t\t<div class=\"elementor-element elementor-element-9b4038d elementor-widget elementor-widget-text-editor\" data-id=\"9b4038d\" data-element_type=\"widget\" data-e-type=\"widget\" data-widget_type=\"text-editor.default\">\n\t\t\t\t<div class=\"elementor-widget-container\">\n\t\t\t\t\t\t\t\t\t<p class=\"ds-markdown-paragraph translation-block\">Nestled at the foot of the mountain The, Domaine des Libellules spans nearly 5 hectares, surrounded by a forest crisscrossed with numerous trails. At its heart lies a spacious 1.5-hectare clearing, home to the Roi Lion guesthouse, three landscaped ponds, and numerous gardens.<\/p><p class=\"ds-markdown-paragraph translation-block\">The guesthouse features 4 en-suite bedrooms, a large kitchen, a spacious terrace, plus a sauna and jacuzzi. This haven of peace and serenity invites you to enjoy the birdsong and watch fish glide through the ponds.<\/p><p class=\"ds-markdown-paragraph translation-block\">Nearby, you'll find plenty of walking trails, while the town of \u00c9pinal is just 5 minutes away by car. A true sanctuary that blends nature with modern convenience.<\/p>\t\t\t\t\t\t\t\t<\/div>\n\t\t\t\t<\/div>\n\t\t\t\t<\/div>\n\t\t\t\t\t<\/div>\n\t\t\t\t<\/div>\n\t\t\t\t<\/div>","protected":false},"excerpt":{"rendered":"<p>Le Domaine des libellules https:\/\/locations-saisonnieres-epinal-dinoze.fr\/wp-content\/uploads\/2025\/06\/WhatsApp-Video-2025-06-26-a-21.44.45_96a1a3b8.mp4 Nich\u00e9 au pied de la montagne, le Domaine des Libellules s\u2019\u00e9tend sur pr\u00e8s de 5 hectares, entour\u00e9 d\u2019une for\u00eat travers\u00e9e de nombreux chemins. En son c\u0153ur se trouve une grande clairi\u00e8re de 1,5 hectare, abritant la maison d\u2019h\u00f4tes du Roi Lion, trois \u00e9tangs am\u00e9nag\u00e9s et de nombreux jardins. La maison [&hellip;]<\/p>","protected":false},"author":1,"featured_media":0,"parent":0,"menu_order":0,"comment_status":"closed","ping_status":"closed","template":"","meta":{"footnotes":""},"class_list":["post-3268","page","type-page","status-publish","hentry"],"_links":{"self":[{"href":"https:\/\/locations-saisonnieres-epinal-dinoze.fr\/en\/wp-json\/wp\/v2\/pages\/3268","targetHints":{"allow":["GET"]}}],"collection":[{"href":"https:\/\/locations-saisonnieres-epinal-dinoze.fr\/en\/wp-json\/wp\/v2\/pages"}],"about":[{"href":"https:\/\/locations-saisonnieres-epinal-dinoze.fr\/en\/wp-json\/wp\/v2\/types\/page"}],"author":[{"embeddable":true,"href":"https:\/\/locations-saisonnieres-epinal-dinoze.fr\/en\/wp-json\/wp\/v2\/users\/1"}],"replies":[{"embeddable":true,"href":"https:\/\/locations-saisonnieres-epinal-dinoze.fr\/en\/wp-json\/wp\/v2\/comments?post=3268"}],"version-history":[{"count":26,"href":"https:\/\/locations-saisonnieres-epinal-dinoze.fr\/en\/wp-json\/wp\/v2\/pages\/3268\/revisions"}],"predecessor-version":[{"id":3776,"href":"https:\/\/locations-saisonnieres-epinal-dinoze.fr\/en\/wp-json\/wp\/v2\/pages\/3268\/revisions\/3776"}],"wp:attachment":[{"href":"https:\/\/locations-saisonnieres-epinal-dinoze.fr\/en\/wp-json\/wp\/v2\/media?parent=3268"}],"curies":[{"name":"wp","href":"https:\/\/api.w.org\/{rel}","templated":true}]}}