{"id":3071,"date":"2025-06-26T09:58:06","date_gmt":"2025-06-26T09:58:06","guid":{"rendered":"http:\/\/locations-saisonnieres-epinal-dinoze.fr\/?page_id=3071"},"modified":"2025-07-08T13:17:55","modified_gmt":"2025-07-08T13:17:55","slug":"le-roi-lion","status":"publish","type":"page","link":"https:\/\/locations-saisonnieres-epinal-dinoze.fr\/en\/le-roi-lion\/","title":{"rendered":"The Lion King's House"},"content":{"rendered":"<div data-elementor-type=\"wp-page\" data-elementor-id=\"3071\" class=\"elementor elementor-3071\">\n\t\t\t\t<div class=\"elementor-element elementor-element-e3874ff e-flex e-con-boxed e-con e-parent\" data-id=\"e3874ff\" data-element_type=\"container\" data-e-type=\"container\" data-settings=\"{&quot;background_background&quot;:&quot;classic&quot;}\">\n\t\t\t\t\t<div class=\"e-con-inner\">\n\t\t\t\t<div class=\"elementor-element elementor-element-7451c04 elementor-widget elementor-widget-heading\" data-id=\"7451c04\" data-element_type=\"widget\" data-e-type=\"widget\" data-widget_type=\"heading.default\">\n\t\t\t\t<div class=\"elementor-widget-container\">\n\t\t\t\t\t<h2 class=\"elementor-heading-title elementor-size-default\">The Lion King's House <\/h2>\t\t\t\t<\/div>\n\t\t\t\t<\/div>\n\t\t\t\t\t<\/div>\n\t\t\t\t<\/div>\n\t\t<div class=\"elementor-element elementor-element-faab288 e-con-full e-flex elementor-invisible e-con e-parent\" data-id=\"faab288\" data-element_type=\"container\" data-e-type=\"container\" data-settings=\"{&quot;animation&quot;:&quot;fadeInUp&quot;}\">\n\t\t<div class=\"elementor-element elementor-element-df5df65 e-con-full e-flex e-con e-child\" data-id=\"df5df65\" data-element_type=\"container\" data-e-type=\"container\">\n\t\t\t\t<div class=\"elementor-element elementor-element-333c3fe elementor-widget elementor-widget-image\" data-id=\"333c3fe\" data-element_type=\"widget\" data-e-type=\"widget\" data-widget_type=\"image.default\">\n\t\t\t\t<div class=\"elementor-widget-container\">\n\t\t\t\t\t\t\t\t\t\t\t\t\t\t\t<img fetchpriority=\"high\" decoding=\"async\" width=\"800\" height=\"600\" src=\"https:\/\/locations-saisonnieres-epinal-dinoze.fr\/wp-content\/uploads\/2025\/07\/20230518_112007-1024x768.jpg\" class=\"attachment-large size-large wp-image-3746\" alt=\"\" srcset=\"https:\/\/locations-saisonnieres-epinal-dinoze.fr\/wp-content\/uploads\/2025\/07\/20230518_112007-1024x768.jpg 1024w, https:\/\/locations-saisonnieres-epinal-dinoze.fr\/wp-content\/uploads\/2025\/07\/20230518_112007-300x225.jpg 300w, https:\/\/locations-saisonnieres-epinal-dinoze.fr\/wp-content\/uploads\/2025\/07\/20230518_112007-768x576.jpg 768w, https:\/\/locations-saisonnieres-epinal-dinoze.fr\/wp-content\/uploads\/2025\/07\/20230518_112007-1536x1152.jpg 1536w, https:\/\/locations-saisonnieres-epinal-dinoze.fr\/wp-content\/uploads\/2025\/07\/20230518_112007-2048x1536.jpg 2048w\" sizes=\"(max-width: 800px) 100vw, 800px\" \/>\t\t\t\t\t\t\t\t\t\t\t\t\t\t\t<\/div>\n\t\t\t\t<\/div>\n\t\t\t\t<\/div>\n\t\t<div class=\"elementor-element elementor-element-5bdb048 e-con-full e-flex e-con e-child\" data-id=\"5bdb048\" data-element_type=\"container\" data-e-type=\"container\">\n\t\t\t\t<div class=\"elementor-element elementor-element-1695bdd elementor-widget elementor-widget-text-editor\" data-id=\"1695bdd\" data-element_type=\"widget\" data-e-type=\"widget\" data-widget_type=\"text-editor.default\">\n\t\t\t\t<div class=\"elementor-widget-container\">\n\t\t\t\t\t\t\t\t\t<p data-start=\"106\" data-end=\"298\" class=\"translation-block\"><strong data-start=\"106\" data-end=\"131\">La Maison du Roi Lion<\/strong> features <strong data-start=\"146\" data-end=\"173\">four guest rooms<\/strong>, a <strong data-start=\"180\" data-end=\"191\">jacuzzi<\/strong>, a <strong data-start=\"198\" data-end=\"207\">sauna<\/strong>, along with a <strong data-start=\"225\" data-end=\"243\">large kitchen<\/strong> and <strong data-start=\"252\" data-end=\"268\">shared lounge<\/strong> designed for socializing.<\/p><p data-start=\"302\" data-end=\"478\" class=\"translation-block\">At the front of the house, a <strong data-start=\"330\" data-end=\"352\">spacious terrace<\/strong> offers a peaceful retreat with lovely views of the <strong data-start=\"420\" data-end=\"430\">garden<\/strong> and nearby <strong data-start=\"438\" data-end=\"463\">three landscaped ponds<\/strong>.<\/p><p data-start=\"482\" data-end=\"783\" class=\"translation-block\"><strong data-start=\"486\" data-end=\"505\">Marked trails<\/strong> circle the property for nature walks, while the region offers excellent <strong data-start=\"644\" data-end=\"670\">mountain hiking<\/strong> just kilometers away - perfect for fresh air and scenic exploration.<\/p>\t\t\t\t\t\t\t\t<\/div>\n\t\t\t\t<\/div>\n\t\t\t\t<\/div>\n\t\t\t\t<\/div>\n\t\t<div class=\"elementor-element elementor-element-e08cb2c e-flex e-con-boxed elementor-invisible e-con e-parent\" data-id=\"e08cb2c\" data-element_type=\"container\" data-e-type=\"container\" data-settings=\"{&quot;background_background&quot;:&quot;classic&quot;,&quot;animation&quot;:&quot;fadeInUp&quot;}\">\n\t\t\t\t\t<div class=\"e-con-inner\">\n\t\t\t\t<div class=\"elementor-element elementor-element-d6a9e38 elementor-widget elementor-widget-heading\" data-id=\"d6a9e38\" data-element_type=\"widget\" data-e-type=\"widget\" data-widget_type=\"heading.default\">\n\t\t\t\t<div class=\"elementor-widget-container\">\n\t\t\t\t\t<h2 class=\"elementor-heading-title elementor-size-default\">Simba's room<\/h2>\t\t\t\t<\/div>\n\t\t\t\t<\/div>\n\t\t<div class=\"elementor-element elementor-element-653c44a e-con-full e-flex e-con e-child\" data-id=\"653c44a\" data-element_type=\"container\" data-e-type=\"container\">\n\t\t<div class=\"elementor-element elementor-element-04b7f46 e-con-full e-flex e-con e-child\" data-id=\"04b7f46\" data-element_type=\"container\" data-e-type=\"container\">\n\t\t\t\t<div class=\"elementor-element elementor-element-51861fd elementor-widget elementor-widget-image\" data-id=\"51861fd\" data-element_type=\"widget\" data-e-type=\"widget\" data-widget_type=\"image.default\">\n\t\t\t\t<div class=\"elementor-widget-container\">\n\t\t\t\t\t\t\t\t\t\t\t\t\t\t\t<img decoding=\"async\" width=\"246\" height=\"208\" src=\"https:\/\/locations-saisonnieres-epinal-dinoze.fr\/wp-content\/uploads\/2025\/06\/logo-site-moche.png\" class=\"attachment-large size-large wp-image-3561\" alt=\"\" \/>\t\t\t\t\t\t\t\t\t\t\t\t\t\t\t<\/div>\n\t\t\t\t<\/div>\n\t\t\t\t<\/div>\n\t\t<div class=\"elementor-element elementor-element-7d1495b e-con-full e-flex e-con e-child\" data-id=\"7d1495b\" data-element_type=\"container\" data-e-type=\"container\">\n\t\t\t\t<div class=\"elementor-element elementor-element-3d19efa elementor-widget elementor-widget-text-editor\" data-id=\"3d19efa\" data-element_type=\"widget\" data-e-type=\"widget\" data-widget_type=\"text-editor.default\">\n\t\t\t\t<div class=\"elementor-widget-container\">\n\t\t\t\t\t\t\t\t\t<p data-start=\"128\" data-end=\"362\" class=\"translation-block\"><strong data-start=\"128\" data-end=\"147\">The Scar Bedroom<\/strong>, located upstairs, provides a true haven of comfort and tranquility. It features an <strong data-start=\"242\" data-end=\"269\">en-suite bathroom<\/strong>, a <strong data-start=\"276\" data-end=\"297\">spacious walk-in closet<\/strong>, and <strong data-start=\"308\" data-end=\"359\">stunning unobstructed views of the garden and ponds<\/strong>.<\/p><p data-start=\"366\" data-end=\"526\" class=\"translation-block\">The room features a <strong data-start=\"379\" data-end=\"396\">king-size bed<\/strong>, a <strong data-start=\"403\" data-end=\"423\">large flat-screen TV<\/strong>, and <strong data-start=\"438\" data-end=\"476\">high-speed fiber-optic WiFi<\/strong>, perfectly blending modern comforts with peaceful serenity.<\/p><p data-start=\"530\" data-end=\"687\" class=\"translation-block\">From the windows, you can easily admire the <strong data-start=\"582\" data-end=\"603\">lush landscape<\/strong>, watch life unfold around the ponds, and soak in the <strong data-start=\"655\" data-end=\"686\">soothing tranquility of nature<\/strong>.<\/p>\t\t\t\t\t\t\t\t<\/div>\n\t\t\t\t<\/div>\n\t\t<div class=\"elementor-element elementor-element-f73735f e-con-full e-flex e-con e-child\" data-id=\"f73735f\" data-element_type=\"container\" data-e-type=\"container\">\n\t\t\t\t<div class=\"elementor-element elementor-element-a7f5c00 elementor-align-center elementor-widget elementor-widget-xpro-button\" data-id=\"a7f5c00\" data-element_type=\"widget\" data-e-type=\"widget\" data-widget_type=\"xpro-button.default\">\n\t\t\t\t<div class=\"elementor-widget-container\">\n\t\t\t\t\t\n<a  href=\"\/en\/reservation\/\" class=\"xpro-elementor-button xpro-elementor-button-animation-none xpro-align-icon-right\">\n<span class=\"xpro-elementor-button-inner\">\n<span class=\"xpro-button-text\">Book<\/span>\n<\/span>\n<\/a>\n\t\t\t\t<\/div>\n\t\t\t\t<\/div>\n\t\t\t\t<\/div>\n\t\t\t\t<\/div>\n\t\t\t\t<\/div>\n\t\t\t\t\t<\/div>\n\t\t\t\t<\/div>\n\t\t<div class=\"elementor-element elementor-element-edafeb4 e-flex e-con-boxed elementor-invisible e-con e-parent\" data-id=\"edafeb4\" data-element_type=\"container\" data-e-type=\"container\" data-settings=\"{&quot;background_background&quot;:&quot;classic&quot;,&quot;animation&quot;:&quot;fadeInUp&quot;}\">\n\t\t\t\t\t<div class=\"e-con-inner\">\n\t\t\t\t<div class=\"elementor-element elementor-element-4b7abb9 elementor-widget elementor-widget-heading\" data-id=\"4b7abb9\" data-element_type=\"widget\" data-e-type=\"widget\" data-widget_type=\"heading.default\">\n\t\t\t\t<div class=\"elementor-widget-container\">\n\t\t\t\t\t<h2 class=\"elementor-heading-title elementor-size-default\">Pumbaa's room<\/h2>\t\t\t\t<\/div>\n\t\t\t\t<\/div>\n\t\t<div class=\"elementor-element elementor-element-26f5c65 e-con-full e-flex e-con e-child\" data-id=\"26f5c65\" data-element_type=\"container\" data-e-type=\"container\">\n\t\t<div class=\"elementor-element elementor-element-14bed0e e-con-full e-flex e-con e-child\" data-id=\"14bed0e\" data-element_type=\"container\" data-e-type=\"container\">\n\t\t\t\t<div class=\"elementor-element elementor-element-2a48e3d elementor-widget elementor-widget-image\" data-id=\"2a48e3d\" data-element_type=\"widget\" data-e-type=\"widget\" data-widget_type=\"image.default\">\n\t\t\t\t<div class=\"elementor-widget-container\">\n\t\t\t\t\t\t\t\t\t\t\t\t\t\t\t<img decoding=\"async\" width=\"246\" height=\"208\" src=\"https:\/\/locations-saisonnieres-epinal-dinoze.fr\/wp-content\/uploads\/2025\/06\/logo-site-moche.png\" class=\"attachment-large size-large wp-image-3561\" alt=\"\" \/>\t\t\t\t\t\t\t\t\t\t\t\t\t\t\t<\/div>\n\t\t\t\t<\/div>\n\t\t\t\t<\/div>\n\t\t<div class=\"elementor-element elementor-element-e95ea5d e-con-full e-flex e-con e-child\" data-id=\"e95ea5d\" data-element_type=\"container\" data-e-type=\"container\">\n\t\t\t\t<div class=\"elementor-element elementor-element-8f6c094 elementor-widget elementor-widget-text-editor\" data-id=\"8f6c094\" data-element_type=\"widget\" data-e-type=\"widget\" data-widget_type=\"text-editor.default\">\n\t\t\t\t<div class=\"elementor-widget-container\">\n\t\t\t\t\t\t\t\t\t<p data-start=\"128\" data-end=\"362\" class=\"translation-block\"><strong data-start=\"128\" data-end=\"147\">The Scar Bedroom<\/strong>, located upstairs, provides a true haven of comfort and tranquility. It features an <strong data-start=\"242\" data-end=\"269\">en-suite bathroom<\/strong>, a <strong data-start=\"276\" data-end=\"297\">spacious walk-in closet<\/strong>, and <strong data-start=\"308\" data-end=\"359\">stunning unobstructed views of the garden and ponds<\/strong>.<\/p><p data-start=\"366\" data-end=\"526\" class=\"translation-block\">The room features a <strong data-start=\"379\" data-end=\"396\">king-size bed<\/strong>, a <strong data-start=\"403\" data-end=\"423\">large flat-screen TV<\/strong>, and <strong data-start=\"438\" data-end=\"476\">high-speed fiber-optic WiFi<\/strong>, perfectly blending modern comforts with peaceful serenity.<\/p><p data-start=\"530\" data-end=\"687\" class=\"translation-block\">From the windows, you can easily admire the <strong data-start=\"582\" data-end=\"603\">lush landscape<\/strong>, watch life unfold around the ponds, and soak in the <strong data-start=\"655\" data-end=\"686\">soothing tranquility of nature<\/strong>.<\/p>\t\t\t\t\t\t\t\t<\/div>\n\t\t\t\t<\/div>\n\t\t<div class=\"elementor-element elementor-element-ef51edb e-con-full e-flex e-con e-child\" data-id=\"ef51edb\" data-element_type=\"container\" data-e-type=\"container\">\n\t\t\t\t<div class=\"elementor-element elementor-element-56089ec elementor-align-center elementor-widget elementor-widget-xpro-button\" data-id=\"56089ec\" data-element_type=\"widget\" data-e-type=\"widget\" data-widget_type=\"xpro-button.default\">\n\t\t\t\t<div class=\"elementor-widget-container\">\n\t\t\t\t\t\n<a  href=\"\/en\/reservation\/\" class=\"xpro-elementor-button xpro-elementor-button-animation-none xpro-align-icon-right\">\n<span class=\"xpro-elementor-button-inner\">\n<span class=\"xpro-button-text\">Book<\/span>\n<\/span>\n<\/a>\n\t\t\t\t<\/div>\n\t\t\t\t<\/div>\n\t\t\t\t<\/div>\n\t\t\t\t<\/div>\n\t\t\t\t<\/div>\n\t\t\t\t\t<\/div>\n\t\t\t\t<\/div>\n\t\t<div class=\"elementor-element elementor-element-1d10b8a e-flex e-con-boxed elementor-invisible e-con e-parent\" data-id=\"1d10b8a\" data-element_type=\"container\" data-e-type=\"container\" data-settings=\"{&quot;background_background&quot;:&quot;classic&quot;,&quot;animation&quot;:&quot;fadeInUp&quot;}\">\n\t\t\t\t\t<div class=\"e-con-inner\">\n\t\t\t\t<div class=\"elementor-element elementor-element-f51c810 elementor-widget elementor-widget-heading\" data-id=\"f51c810\" data-element_type=\"widget\" data-e-type=\"widget\" data-widget_type=\"heading.default\">\n\t\t\t\t<div class=\"elementor-widget-container\">\n\t\t\t\t\t<h2 class=\"elementor-heading-title elementor-size-default\">Rafiki's room<\/h2>\t\t\t\t<\/div>\n\t\t\t\t<\/div>\n\t\t<div class=\"elementor-element elementor-element-918e218 e-con-full e-flex e-con e-child\" data-id=\"918e218\" data-element_type=\"container\" data-e-type=\"container\">\n\t\t<div class=\"elementor-element elementor-element-132b941 e-con-full e-flex e-con e-child\" data-id=\"132b941\" data-element_type=\"container\" data-e-type=\"container\">\n\t\t\t\t<div class=\"elementor-element elementor-element-be0c7a3 elementor-widget elementor-widget-image\" data-id=\"be0c7a3\" data-element_type=\"widget\" data-e-type=\"widget\" data-widget_type=\"image.default\">\n\t\t\t\t<div class=\"elementor-widget-container\">\n\t\t\t\t\t\t\t\t\t\t\t\t\t\t\t<img decoding=\"async\" width=\"246\" height=\"208\" src=\"https:\/\/locations-saisonnieres-epinal-dinoze.fr\/wp-content\/uploads\/2025\/06\/logo-site-moche.png\" class=\"attachment-large size-large wp-image-3561\" alt=\"\" \/>\t\t\t\t\t\t\t\t\t\t\t\t\t\t\t<\/div>\n\t\t\t\t<\/div>\n\t\t\t\t<\/div>\n\t\t<div class=\"elementor-element elementor-element-a1ee22c e-con-full e-flex e-con e-child\" data-id=\"a1ee22c\" data-element_type=\"container\" data-e-type=\"container\">\n\t\t\t\t<div class=\"elementor-element elementor-element-057f7ff elementor-widget elementor-widget-text-editor\" data-id=\"057f7ff\" data-element_type=\"widget\" data-e-type=\"widget\" data-widget_type=\"text-editor.default\">\n\t\t\t\t<div class=\"elementor-widget-container\">\n\t\t\t\t\t\t\t\t\t<p data-start=\"128\" data-end=\"362\" class=\"translation-block\"><strong data-start=\"128\" data-end=\"147\">The Scar Bedroom<\/strong>, located upstairs, provides a true haven of comfort and tranquility. It features an <strong data-start=\"242\" data-end=\"269\">en-suite bathroom<\/strong>, a <strong data-start=\"276\" data-end=\"297\">spacious walk-in closet<\/strong>, and <strong data-start=\"308\" data-end=\"359\">stunning unobstructed views of the garden and ponds<\/strong>.<\/p><p data-start=\"366\" data-end=\"526\" class=\"translation-block\">The room features a <strong data-start=\"379\" data-end=\"396\">king-size bed<\/strong>, a <strong data-start=\"403\" data-end=\"423\">large flat-screen TV<\/strong>, and <strong data-start=\"438\" data-end=\"476\">high-speed fiber-optic WiFi<\/strong>, perfectly blending modern comforts with peaceful serenity.<\/p><p data-start=\"530\" data-end=\"687\" class=\"translation-block\">From the windows, you can easily admire the <strong data-start=\"582\" data-end=\"603\">lush landscape<\/strong>, watch life unfold around the ponds, and soak in the <strong data-start=\"655\" data-end=\"686\">soothing tranquility of nature<\/strong>.<\/p>\t\t\t\t\t\t\t\t<\/div>\n\t\t\t\t<\/div>\n\t\t<div class=\"elementor-element elementor-element-280edfb e-con-full e-flex e-con e-child\" data-id=\"280edfb\" data-element_type=\"container\" data-e-type=\"container\">\n\t\t\t\t<div class=\"elementor-element elementor-element-e63465e elementor-align-center elementor-widget elementor-widget-xpro-button\" data-id=\"e63465e\" data-element_type=\"widget\" data-e-type=\"widget\" data-widget_type=\"xpro-button.default\">\n\t\t\t\t<div class=\"elementor-widget-container\">\n\t\t\t\t\t\n<a  href=\"\/en\/reservation\/\" class=\"xpro-elementor-button xpro-elementor-button-animation-none xpro-align-icon-right\">\n<span class=\"xpro-elementor-button-inner\">\n<span class=\"xpro-button-text\">Book<\/span>\n<\/span>\n<\/a>\n\t\t\t\t<\/div>\n\t\t\t\t<\/div>\n\t\t\t\t<\/div>\n\t\t\t\t<\/div>\n\t\t\t\t<\/div>\n\t\t\t\t\t<\/div>\n\t\t\t\t<\/div>\n\t\t<div class=\"elementor-element elementor-element-63d45dd e-flex e-con-boxed elementor-invisible e-con e-parent\" data-id=\"63d45dd\" data-element_type=\"container\" data-e-type=\"container\" data-settings=\"{&quot;background_background&quot;:&quot;classic&quot;,&quot;animation&quot;:&quot;fadeInUp&quot;}\">\n\t\t\t\t\t<div class=\"e-con-inner\">\n\t\t\t\t<div class=\"elementor-element elementor-element-9862dcd elementor-widget elementor-widget-heading\" data-id=\"9862dcd\" data-element_type=\"widget\" data-e-type=\"widget\" data-widget_type=\"heading.default\">\n\t\t\t\t<div class=\"elementor-widget-container\">\n\t\t\t\t\t<h2 class=\"elementor-heading-title elementor-size-default\">Scar's room<\/h2>\t\t\t\t<\/div>\n\t\t\t\t<\/div>\n\t\t<div class=\"elementor-element elementor-element-c7f0543 e-con-full e-flex e-con e-child\" data-id=\"c7f0543\" data-element_type=\"container\" data-e-type=\"container\">\n\t\t<div class=\"elementor-element elementor-element-0bb130e e-con-full e-flex e-con e-child\" data-id=\"0bb130e\" data-element_type=\"container\" data-e-type=\"container\">\n\t\t\t\t<div class=\"elementor-element elementor-element-67d7547 elementor-widget elementor-widget-image\" data-id=\"67d7547\" data-element_type=\"widget\" data-e-type=\"widget\" data-widget_type=\"image.default\">\n\t\t\t\t<div class=\"elementor-widget-container\">\n\t\t\t\t\t\t\t\t\t\t\t\t\t\t\t<img decoding=\"async\" width=\"246\" height=\"208\" src=\"https:\/\/locations-saisonnieres-epinal-dinoze.fr\/wp-content\/uploads\/2025\/06\/logo-site-moche.png\" class=\"attachment-large size-large wp-image-3561\" alt=\"\" \/>\t\t\t\t\t\t\t\t\t\t\t\t\t\t\t<\/div>\n\t\t\t\t<\/div>\n\t\t\t\t<\/div>\n\t\t<div class=\"elementor-element elementor-element-35bb125 e-con-full e-flex e-con e-child\" data-id=\"35bb125\" data-element_type=\"container\" data-e-type=\"container\">\n\t\t\t\t<div class=\"elementor-element elementor-element-368009f elementor-widget elementor-widget-text-editor\" data-id=\"368009f\" data-element_type=\"widget\" data-e-type=\"widget\" data-widget_type=\"text-editor.default\">\n\t\t\t\t<div class=\"elementor-widget-container\">\n\t\t\t\t\t\t\t\t\t<p data-start=\"128\" data-end=\"362\" class=\"translation-block\"><strong data-start=\"128\" data-end=\"147\">The Scar Bedroom<\/strong>, located upstairs, provides a true haven of comfort and tranquility. It features an <strong data-start=\"242\" data-end=\"269\">en-suite bathroom<\/strong>, a <strong data-start=\"276\" data-end=\"297\">spacious walk-in closet<\/strong>, and <strong data-start=\"308\" data-end=\"359\">stunning unobstructed views of the garden and ponds<\/strong>.<\/p><p data-start=\"366\" data-end=\"526\" class=\"translation-block\">The room features a <strong data-start=\"379\" data-end=\"396\">king-size bed<\/strong>, a <strong data-start=\"403\" data-end=\"423\">large flat-screen TV<\/strong>, and <strong data-start=\"438\" data-end=\"476\">high-speed fiber-optic WiFi<\/strong>, perfectly blending modern comforts with peaceful serenity.<\/p><p data-start=\"530\" data-end=\"687\" class=\"translation-block\">From the windows, you can easily admire the <strong data-start=\"582\" data-end=\"603\">lush landscape<\/strong>, watch life unfold around the ponds, and soak in the <strong data-start=\"655\" data-end=\"686\">soothing tranquility of nature<\/strong>.<\/p>\t\t\t\t\t\t\t\t<\/div>\n\t\t\t\t<\/div>\n\t\t<div class=\"elementor-element elementor-element-f341975 e-con-full e-flex e-con e-child\" data-id=\"f341975\" data-element_type=\"container\" data-e-type=\"container\">\n\t\t\t\t<div class=\"elementor-element elementor-element-efbdcbf elementor-align-center elementor-widget elementor-widget-xpro-button\" data-id=\"efbdcbf\" data-element_type=\"widget\" data-e-type=\"widget\" data-widget_type=\"xpro-button.default\">\n\t\t\t\t<div class=\"elementor-widget-container\">\n\t\t\t\t\t\n<a  href=\"\/en\/reservation\/\" class=\"xpro-elementor-button xpro-elementor-button-animation-none xpro-align-icon-right\">\n<span class=\"xpro-elementor-button-inner\">\n<span class=\"xpro-button-text\">Book<\/span>\n<\/span>\n<\/a>\n\t\t\t\t<\/div>\n\t\t\t\t<\/div>\n\t\t\t\t<\/div>\n\t\t\t\t<\/div>\n\t\t\t\t<\/div>\n\t\t\t\t\t<\/div>\n\t\t\t\t<\/div>\n\t\t\t\t<\/div>","protected":false},"excerpt":{"rendered":"<p>Le Maison du Roi Lion La Maison du Roi Lion se compose de quatre chambres d\u2019h\u00f4tes, d\u2019un jacuzzi, d\u2019un sauna, ainsi que d\u2019une grande cuisine et d\u2019un salon commun propices \u00e0 la convivialit\u00e9. \u00c0 l\u2019avant de la maison, une spacieuse terrasse permet de profiter du calme environnant, avec une belle vue sur le jardin et [&hellip;]<\/p>","protected":false},"author":1,"featured_media":0,"parent":0,"menu_order":0,"comment_status":"closed","ping_status":"closed","template":"","meta":{"footnotes":""},"class_list":["post-3071","page","type-page","status-publish","hentry"],"_links":{"self":[{"href":"https:\/\/locations-saisonnieres-epinal-dinoze.fr\/en\/wp-json\/wp\/v2\/pages\/3071","targetHints":{"allow":["GET"]}}],"collection":[{"href":"https:\/\/locations-saisonnieres-epinal-dinoze.fr\/en\/wp-json\/wp\/v2\/pages"}],"about":[{"href":"https:\/\/locations-saisonnieres-epinal-dinoze.fr\/en\/wp-json\/wp\/v2\/types\/page"}],"author":[{"embeddable":true,"href":"https:\/\/locations-saisonnieres-epinal-dinoze.fr\/en\/wp-json\/wp\/v2\/users\/1"}],"replies":[{"embeddable":true,"href":"https:\/\/locations-saisonnieres-epinal-dinoze.fr\/en\/wp-json\/wp\/v2\/comments?post=3071"}],"version-history":[{"count":35,"href":"https:\/\/locations-saisonnieres-epinal-dinoze.fr\/en\/wp-json\/wp\/v2\/pages\/3071\/revisions"}],"predecessor-version":[{"id":3773,"href":"https:\/\/locations-saisonnieres-epinal-dinoze.fr\/en\/wp-json\/wp\/v2\/pages\/3071\/revisions\/3773"}],"wp:attachment":[{"href":"https:\/\/locations-saisonnieres-epinal-dinoze.fr\/en\/wp-json\/wp\/v2\/media?parent=3071"}],"curies":[{"name":"wp","href":"https:\/\/api.w.org\/{rel}","templated":true}]}}