{"id":2596,"date":"2025-06-18T12:35:00","date_gmt":"2025-06-18T12:35:00","guid":{"rendered":"http:\/\/locations-saisonnieres-epinal-dinoze.fr\/?page_id=2596"},"modified":"2025-07-01T13:44:22","modified_gmt":"2025-07-01T13:44:22","slug":"mentions-legales","status":"publish","type":"page","link":"https:\/\/locations-saisonnieres-epinal-dinoze.fr\/en\/mentions-legales\/","title":{"rendered":"Legal information"},"content":{"rendered":"<div data-elementor-type=\"wp-page\" data-elementor-id=\"2596\" class=\"elementor elementor-2596\">\n\t\t\t\t<div class=\"elementor-element elementor-element-c17057e e-flex e-con-boxed e-con e-parent\" data-id=\"c17057e\" data-element_type=\"container\" data-e-type=\"container\">\n\t\t\t\t\t<div class=\"e-con-inner\">\n\t\t\t\t<div class=\"elementor-element elementor-element-69d49be elementor-widget elementor-widget-heading\" data-id=\"69d49be\" data-element_type=\"widget\" data-e-type=\"widget\" data-widget_type=\"heading.default\">\n\t\t\t\t<div class=\"elementor-widget-container\">\n\t\t\t\t\t<h2 class=\"elementor-heading-title elementor-size-default\">Mention l\u00e9gale<\/h2>\t\t\t\t<\/div>\n\t\t\t\t<\/div>\n\t\t\t\t<div class=\"elementor-element elementor-element-a9f9dbc elementor-widget elementor-widget-text-editor\" data-id=\"a9f9dbc\" data-element_type=\"widget\" data-e-type=\"widget\" data-widget_type=\"text-editor.default\">\n\t\t\t\t<div class=\"elementor-widget-container\">\n\t\t\t\t\t\t\t\t\t<p>\u00a0<\/p><p class=\"ds-markdown-paragraph\"><strong>\u00c9diteur du site<\/strong><br \/>Mangin Loisis<br \/>Adresse : [Adresse compl\u00e8te des g\u00eetes \u00e0 Dinoz\u00e9]<br \/>T\u00e9l\u00e9phone : [Num\u00e9ro de contact]<br \/>Email : [Adresse email de contact]<br \/>SIRET : [Num\u00e9ro SIRET si applicable]<br \/>Responsable de la publication : [Nom du responsable]<\/p><p class=\"ds-markdown-paragraph\"><strong>H\u00e9bergement du site<\/strong><br \/>[Nom de l\u2019h\u00e9bergeur]<br \/>Adresse : [Adresse de l\u2019h\u00e9bergeur]<br \/>T\u00e9l\u00e9phone : [Contact h\u00e9bergeur]<\/p><p class=\"ds-markdown-paragraph\"><strong>Propri\u00e9t\u00e9 intellectuelle<\/strong><br \/>Tous les contenus (textes, images, logos, vid\u00e9os) sont la propri\u00e9t\u00e9 exclusive de [Nom de l\u2019entreprise\/propri\u00e9taire] ou de ses partenaires. Toute reproduction sans autorisation est interdite.<\/p><p class=\"ds-markdown-paragraph\"><strong>Responsabilit\u00e9<\/strong><br \/>L\u2019\u00e9diteur d\u00e9cline toute responsabilit\u00e9 quant aux \u00e9ventuelles erreurs ou omissions dans les informations pr\u00e9sent\u00e9es. Les r\u00e9servations en ligne sont soumises aux conditions g\u00e9n\u00e9rales de vente (CGV) disponibles sur demande ou via le formulaire de r\u00e9servation.<\/p><p class=\"ds-markdown-paragraph\"><strong>Liens externes<\/strong><br \/>Le site peut contenir des liens vers des sites tiers (activit\u00e9s touristiques, partenaires). L\u2019\u00e9diteur n\u2019est pas responsable des contenus ou pratiques de ces sites.<\/p><p class=\"ds-markdown-paragraph\"><strong>RGPD<\/strong><br \/>Conform\u00e9ment au R\u00e8glement G\u00e9n\u00e9ral sur la Protection des Donn\u00e9es (RGPD), les utilisateurs disposent d\u2019un droit d\u2019acc\u00e8s, de rectification ou de suppression de leurs donn\u00e9es. Pour toute demande, contactez-nous via h.mangin88@gmail.com .<\/p>\t\t\t\t\t\t\t\t<\/div>\n\t\t\t\t<\/div>\n\t\t\t\t\t<\/div>\n\t\t\t\t<\/div>\n\t\t\t\t<\/div>","protected":false},"excerpt":{"rendered":"<p>Mention l\u00e9gale \u00a0 \u00c9diteur du siteMangin LoisisAdresse : [Adresse compl\u00e8te des g\u00eetes \u00e0 Dinoz\u00e9]T\u00e9l\u00e9phone : [Num\u00e9ro de contact]Email : [Adresse email de contact]SIRET : [Num\u00e9ro SIRET si applicable]Responsable de la publication : [Nom du responsable] H\u00e9bergement du site[Nom de l\u2019h\u00e9bergeur]Adresse : [Adresse de l\u2019h\u00e9bergeur]T\u00e9l\u00e9phone : [Contact h\u00e9bergeur] Propri\u00e9t\u00e9 intellectuelleTous les contenus (textes, images, logos, vid\u00e9os) [&hellip;]<\/p>","protected":false},"author":1,"featured_media":0,"parent":0,"menu_order":0,"comment_status":"closed","ping_status":"closed","template":"","meta":{"footnotes":""},"class_list":["post-2596","page","type-page","status-publish","hentry"],"_links":{"self":[{"href":"https:\/\/locations-saisonnieres-epinal-dinoze.fr\/en\/wp-json\/wp\/v2\/pages\/2596","targetHints":{"allow":["GET"]}}],"collection":[{"href":"https:\/\/locations-saisonnieres-epinal-dinoze.fr\/en\/wp-json\/wp\/v2\/pages"}],"about":[{"href":"https:\/\/locations-saisonnieres-epinal-dinoze.fr\/en\/wp-json\/wp\/v2\/types\/page"}],"author":[{"embeddable":true,"href":"https:\/\/locations-saisonnieres-epinal-dinoze.fr\/en\/wp-json\/wp\/v2\/users\/1"}],"replies":[{"embeddable":true,"href":"https:\/\/locations-saisonnieres-epinal-dinoze.fr\/en\/wp-json\/wp\/v2\/comments?post=2596"}],"version-history":[{"count":13,"href":"https:\/\/locations-saisonnieres-epinal-dinoze.fr\/en\/wp-json\/wp\/v2\/pages\/2596\/revisions"}],"predecessor-version":[{"id":3530,"href":"https:\/\/locations-saisonnieres-epinal-dinoze.fr\/en\/wp-json\/wp\/v2\/pages\/2596\/revisions\/3530"}],"wp:attachment":[{"href":"https:\/\/locations-saisonnieres-epinal-dinoze.fr\/en\/wp-json\/wp\/v2\/media?parent=2596"}],"curies":[{"name":"wp","href":"https:\/\/api.w.org\/{rel}","templated":true}]}}