{"id":2594,"date":"2025-06-18T12:35:00","date_gmt":"2025-06-18T12:35:00","guid":{"rendered":"http:\/\/locations-saisonnieres-epinal-dinoze.fr\/?page_id=2594"},"modified":"2025-07-01T13:29:18","modified_gmt":"2025-07-01T13:29:18","slug":"politique-de-confidentialite","status":"publish","type":"page","link":"https:\/\/locations-saisonnieres-epinal-dinoze.fr\/en\/politique-de-confidentialite\/","title":{"rendered":"Privacy policy"},"content":{"rendered":"<div data-elementor-type=\"wp-page\" data-elementor-id=\"2594\" class=\"elementor elementor-2594\">\n\t\t\t\t<div class=\"elementor-element elementor-element-9d75072 e-flex e-con-boxed e-con e-parent\" data-id=\"9d75072\" data-element_type=\"container\" data-e-type=\"container\">\n\t\t\t\t\t<div class=\"e-con-inner\">\n\t\t\t\t<div class=\"elementor-element elementor-element-f8583e5 elementor-widget elementor-widget-heading\" data-id=\"f8583e5\" data-element_type=\"widget\" data-e-type=\"widget\" data-widget_type=\"heading.default\">\n\t\t\t\t<div class=\"elementor-widget-container\">\n\t\t\t\t\t<h2 class=\"elementor-heading-title elementor-size-default\">Privacy policy<\/h2>\t\t\t\t<\/div>\n\t\t\t\t<\/div>\n\t\t\t\t<div class=\"elementor-element elementor-element-48b9bac elementor-widget elementor-widget-text-editor\" data-id=\"48b9bac\" data-element_type=\"widget\" data-e-type=\"widget\" data-widget_type=\"text-editor.default\">\n\t\t\t\t<div class=\"elementor-widget-container\">\n\t\t\t\t\t\t\t\t\t<p>\u00a0<\/p><p class=\"ds-markdown-paragraph\"><strong>1. Donn\u00e9es collect\u00e9es<\/strong><br \/>Le site recueille les donn\u00e9es suivantes :<\/p><ul><li><p class=\"ds-markdown-paragraph\"><strong>Formulaire de contact\/r\u00e9servation<\/strong> : Nom, pr\u00e9nom, email, t\u00e9l\u00e9phone, dates de s\u00e9jour, nombre de personnes.<\/p><\/li><li><p class=\"ds-markdown-paragraph\"><strong>Paiement en ligne<\/strong> : Donn\u00e9es bancaires (g\u00e9r\u00e9es par le prestataire de paiement s\u00e9curis\u00e9 : PayPal, Stripe, etc.). <em>Aucune donn\u00e9e bancaire n\u2019est stock\u00e9e sur notre serveur.<\/em><\/p><\/li><li><p class=\"ds-markdown-paragraph\"><strong>Cookies<\/strong> : Utilis\u00e9s pour am\u00e9liorer l\u2019exp\u00e9rience utilisateur (analyse d\u2019audience via Google Analytics).<\/p><\/li><\/ul><p class=\"ds-markdown-paragraph\"><strong>2. Finalit\u00e9s des donn\u00e9es<\/strong><\/p><ul><li><p class=\"ds-markdown-paragraph\">G\u00e9rer les r\u00e9servations et demandes de contact.<\/p><\/li><li><p class=\"ds-markdown-paragraph\">Envoyer des confirmations ou informations pratiques (acc\u00e8s, activit\u00e9s).<\/p><\/li><li><p class=\"ds-markdown-paragraph\">Am\u00e9liorer le site via l\u2019analyse statistique (Google Analytics).<\/p><\/li><\/ul><p class=\"ds-markdown-paragraph\"><strong>3. Partage des donn\u00e9es<\/strong><br \/>Les donn\u00e9es ne sont jamais vendues \u00e0 des tiers. Elles peuvent \u00eatre partag\u00e9es avec :<\/p><ul><li><p class=\"ds-markdown-paragraph\">Les plateformes de paiement (PayPal, etc.) pour le traitement des transactions.<\/p><\/li><li><p class=\"ds-markdown-paragraph\">Les outils de gestion de r\u00e9servations (calendrier synchronis\u00e9).<\/p><\/li><\/ul><p class=\"ds-markdown-paragraph\"><strong>4. S\u00e9curit\u00e9<\/strong><br \/>Les donn\u00e9es sont prot\u00e9g\u00e9es par des protocoles de s\u00e9curit\u00e9 (HTTPS, mots de passe chiffr\u00e9s).<\/p><p class=\"ds-markdown-paragraph\"><strong>5. Dur\u00e9e de conservation<\/strong><\/p><ul><li><p class=\"ds-markdown-paragraph\">Donn\u00e9es de r\u00e9servation : 5 ans (obligation l\u00e9gale comptable).<\/p><\/li><li><p class=\"ds-markdown-paragraph\">Donn\u00e9es de contact : 3 ans apr\u00e8s la derni\u00e8re interaction.<\/p><\/li><\/ul><p class=\"ds-markdown-paragraph\"><strong>6. Droits des utilisateurs<\/strong><br \/>Vous pouvez :<\/p><ul><li><p class=\"ds-markdown-paragraph\">Acc\u00e9der \u00e0 vos donn\u00e9es ou demander leur suppression.<\/p><\/li><li><p class=\"ds-markdown-paragraph\">Vous opposer \u00e0 leur utilisation (via [email]).<\/p><\/li><li><p class=\"ds-markdown-paragraph\">Retirer votre consentement pour les cookies (param\u00e8tres du navigateur).<\/p><\/li><\/ul><p class=\"ds-markdown-paragraph\"><strong>7. Cookies<\/strong><br \/>Le site utilise :<\/p><ul><li><p class=\"ds-markdown-paragraph\">Cookies essentiels (fonctionnalit\u00e9s de base).<\/p><\/li><li><p class=\"ds-markdown-paragraph\">Cookies analytiques (mesure d\u2019audience).<br \/>Un bandeau de consentement est affich\u00e9 lors de la premi\u00e8re visite.<\/p><\/li><\/ul><p class=\"ds-markdown-paragraph\"><strong>8. Contact DPO<\/strong><br \/>Pour toute question sur la protection des donn\u00e9es :<br \/>Email :\u00a0<span class=\"qu\" tabindex=\"-1\" role=\"gridcell\" translate=\"no\"><span class=\"go\">h.mangin88@gmail.com<\/span><\/span><\/p>\t\t\t\t\t\t\t\t<\/div>\n\t\t\t\t<\/div>\n\t\t\t\t\t<\/div>\n\t\t\t\t<\/div>\n\t\t\t\t<\/div>","protected":false},"excerpt":{"rendered":"<p>Politique de confidentialit\u00e9 \u00a0 1. Donn\u00e9es collect\u00e9esLe site recueille les donn\u00e9es suivantes : Formulaire de contact\/r\u00e9servation : Nom, pr\u00e9nom, email, t\u00e9l\u00e9phone, dates de s\u00e9jour, nombre de personnes. Paiement en ligne : Donn\u00e9es bancaires (g\u00e9r\u00e9es par le prestataire de paiement s\u00e9curis\u00e9 : PayPal, Stripe, etc.). Aucune donn\u00e9e bancaire n\u2019est stock\u00e9e sur notre serveur. Cookies : Utilis\u00e9s [&hellip;]<\/p>","protected":false},"author":1,"featured_media":0,"parent":0,"menu_order":0,"comment_status":"closed","ping_status":"closed","template":"","meta":{"footnotes":""},"class_list":["post-2594","page","type-page","status-publish","hentry"],"_links":{"self":[{"href":"https:\/\/locations-saisonnieres-epinal-dinoze.fr\/en\/wp-json\/wp\/v2\/pages\/2594","targetHints":{"allow":["GET"]}}],"collection":[{"href":"https:\/\/locations-saisonnieres-epinal-dinoze.fr\/en\/wp-json\/wp\/v2\/pages"}],"about":[{"href":"https:\/\/locations-saisonnieres-epinal-dinoze.fr\/en\/wp-json\/wp\/v2\/types\/page"}],"author":[{"embeddable":true,"href":"https:\/\/locations-saisonnieres-epinal-dinoze.fr\/en\/wp-json\/wp\/v2\/users\/1"}],"replies":[{"embeddable":true,"href":"https:\/\/locations-saisonnieres-epinal-dinoze.fr\/en\/wp-json\/wp\/v2\/comments?post=2594"}],"version-history":[{"count":16,"href":"https:\/\/locations-saisonnieres-epinal-dinoze.fr\/en\/wp-json\/wp\/v2\/pages\/2594\/revisions"}],"predecessor-version":[{"id":3523,"href":"https:\/\/locations-saisonnieres-epinal-dinoze.fr\/en\/wp-json\/wp\/v2\/pages\/2594\/revisions\/3523"}],"wp:attachment":[{"href":"https:\/\/locations-saisonnieres-epinal-dinoze.fr\/en\/wp-json\/wp\/v2\/media?parent=2594"}],"curies":[{"name":"wp","href":"https:\/\/api.w.org\/{rel}","templated":true}]}}