{"id":2559,"date":"2025-06-18T09:27:39","date_gmt":"2025-06-18T09:27:39","guid":{"rendered":"http:\/\/locations-saisonnieres-epinal-dinoze.fr\/?page_id=2559"},"modified":"2025-07-07T09:05:50","modified_gmt":"2025-07-07T09:05:50","slug":"le-prince-charmant","status":"publish","type":"page","link":"https:\/\/locations-saisonnieres-epinal-dinoze.fr\/en\/le-prince-charmant\/","title":{"rendered":"Le Prince Charmant"},"content":{"rendered":"<div data-elementor-type=\"wp-page\" data-elementor-id=\"2559\" class=\"elementor elementor-2559\">\n\t\t\t\t<div class=\"elementor-element elementor-element-68cce85 e-flex e-con-boxed elementor-invisible e-con e-parent\" data-id=\"68cce85\" data-element_type=\"container\" data-e-type=\"container\" data-settings=\"{&quot;background_background&quot;:&quot;classic&quot;,&quot;animation&quot;:&quot;fadeInUp&quot;}\">\n\t\t\t\t\t<div class=\"e-con-inner\">\n\t\t\t\t<div class=\"elementor-element elementor-element-99456d8 elementor-invisible elementor-widget elementor-widget-heading\" data-id=\"99456d8\" data-element_type=\"widget\" data-e-type=\"widget\" data-settings=\"{&quot;_animation&quot;:&quot;fadeIn&quot;}\" data-widget_type=\"heading.default\">\n\t\t\t\t<div class=\"elementor-widget-container\">\n\t\t\t\t\t<h2 class=\"elementor-heading-title elementor-size-default\">G\u00eete Le Prince Charmant<\/h2>\t\t\t\t<\/div>\n\t\t\t\t<\/div>\n\t\t\t\t\t<\/div>\n\t\t\t\t<\/div>\n\t\t<div class=\"elementor-element elementor-element-be79133 e-grid e-con-boxed elementor-invisible e-con e-parent\" data-id=\"be79133\" data-element_type=\"container\" data-e-type=\"container\" data-settings=\"{&quot;background_background&quot;:&quot;classic&quot;,&quot;animation&quot;:&quot;fadeInUp&quot;}\">\n\t\t\t\t\t<div class=\"e-con-inner\">\n\t\t<div class=\"elementor-element elementor-element-d689c73 e-con-full e-flex e-con e-child\" data-id=\"d689c73\" data-element_type=\"container\" data-e-type=\"container\">\n\t\t\t\t<div class=\"elementor-element elementor-element-e42348b elementor-widget elementor-widget-shortcode\" data-id=\"e42348b\" data-element_type=\"widget\" data-e-type=\"widget\" data-widget_type=\"shortcode.default\">\n\t\t\t\t<div class=\"elementor-widget-container\">\n\t\t\t\t\t\t\t<div class=\"elementor-shortcode\">  <\/div>\n\t\t\t\t\t\t<\/div>\n\t\t\t\t<\/div>\n\t\t\t\t<div class=\"elementor-element elementor-element-1f11f0c elementor-widget elementor-widget-html\" data-id=\"1f11f0c\" data-element_type=\"widget\" data-e-type=\"widget\" data-widget_type=\"html.default\">\n\t\t\t\t<div class=\"elementor-widget-container\">\n\t\t\t\t\t<div class=\"titre-anime-container\">\n    <h1 class=\"titre-anime\">Le g\u00eete Le Prince Charmant<\/h1>\n<\/div>\t\t\t\t<\/div>\n\t\t\t\t<\/div>\n\t\t\t\t<div class=\"elementor-element elementor-element-d89ebc8 elementor-widget elementor-widget-text-editor\" data-id=\"d89ebc8\" data-element_type=\"widget\" data-e-type=\"widget\" data-widget_type=\"text-editor.default\">\n\t\t\t\t<div class=\"elementor-widget-container\">\n\t\t\t\t\t\t\t\t\t<p>Designed for 6 to 10 people, this g\u00eete, which connects with \u2018La Belle au Bois Dormant\u2019, combines luxury and modernity. The entrance hall leads to two ground floor bedrooms, one of which has a built-in dressing room. The upstairs space dazzles with its light-filled living room featuring Relax seating and its modern kitchen, perfect for parties. The elegant decor blends modernity with vintage touches.<\/p>\t\t\t\t\t\t\t\t<\/div>\n\t\t\t\t<\/div>\n\t\t\t\t<\/div>\n\t\t<div class=\"elementor-element elementor-element-7e70850 e-con-full e-flex e-con e-child\" data-id=\"7e70850\" data-element_type=\"container\" data-e-type=\"container\">\n\t\t\t\t<div class=\"elementor-element elementor-element-63e7877 elementor-widget elementor-widget-shortcode\" data-id=\"63e7877\" data-element_type=\"widget\" data-e-type=\"widget\" data-widget_type=\"shortcode.default\">\n\t\t\t\t<div class=\"elementor-widget-container\">\n\t\t\t\t\t\t\t<div class=\"elementor-shortcode\">  <\/div>\n\t\t\t\t\t\t<\/div>\n\t\t\t\t<\/div>\n\t\t\t\t<div class=\"elementor-element elementor-element-9962bad elementor-widget elementor-widget-html\" data-id=\"9962bad\" data-element_type=\"widget\" data-e-type=\"widget\" data-widget_type=\"html.default\">\n\t\t\t\t<div class=\"elementor-widget-container\">\n\t\t\t\t\t<div class=\"titre-anime-container\">\n    <h1 class=\"titre-anime\">Les chambres du g\u00eete<\/h1>\n<\/div>\t\t\t\t<\/div>\n\t\t\t\t<\/div>\n\t\t\t\t<div class=\"elementor-element elementor-element-60b50b4 elementor-widget elementor-widget-text-editor\" data-id=\"60b50b4\" data-element_type=\"widget\" data-e-type=\"widget\" data-widget_type=\"text-editor.default\">\n\t\t\t\t<div class=\"elementor-widget-container\">\n\t\t\t\t\t\t\t\t\t<p>The ground floor has two double bedrooms (160\u00d7190 beds). The en suite bathroom has a whirlpool bath, a shower-sauna and a double washbasin. Upstairs is a bedroom with a double bed and a convertible sofa (sleeps 2), plus a large study area.<\/p>\t\t\t\t\t\t\t\t<\/div>\n\t\t\t\t<\/div>\n\t\t\t\t<\/div>\n\t\t<div class=\"elementor-element elementor-element-8ca6042 e-con-full e-flex e-con e-child\" data-id=\"8ca6042\" data-element_type=\"container\" data-e-type=\"container\">\n\t\t\t\t<div class=\"elementor-element elementor-element-d51f8be elementor-widget elementor-widget-shortcode\" data-id=\"d51f8be\" data-element_type=\"widget\" data-e-type=\"widget\" data-widget_type=\"shortcode.default\">\n\t\t\t\t<div class=\"elementor-widget-container\">\n\t\t\t\t\t\t\t<div class=\"elementor-shortcode\">  <\/div>\n\t\t\t\t\t\t<\/div>\n\t\t\t\t<\/div>\n\t\t\t\t<div class=\"elementor-element elementor-element-4b428f3 elementor-widget elementor-widget-html\" data-id=\"4b428f3\" data-element_type=\"widget\" data-e-type=\"widget\" data-widget_type=\"html.default\">\n\t\t\t\t<div class=\"elementor-widget-container\">\n\t\t\t\t\t<div class=\"titre-anime-container\">\n    <h1 class=\"titre-anime\">Les ext\u00e9rieurs du g\u00eete<\/h1>\n<\/div>\t\t\t\t<\/div>\n\t\t\t\t<\/div>\n\t\t\t\t<div class=\"elementor-element elementor-element-85175b8 elementor-widget elementor-widget-text-editor\" data-id=\"85175b8\" data-element_type=\"widget\" data-e-type=\"widget\" data-widget_type=\"text-editor.default\">\n\t\t\t\t<div class=\"elementor-widget-container\">\n\t\t\t\t\t\t\t\t\t<p>A 20 m\u00b2 balcony with designer furniture overlooks the garden, while a side terrace has a gas barbecue and shared jacuzzi. The g\u00eete is on the edge of the forest, making it ideal for wonderful walks from the g\u00eete in the direction of the forest massif. A covered parking space is reserved for guests.<\/p>\t\t\t\t\t\t\t\t<\/div>\n\t\t\t\t<\/div>\n\t\t\t\t<\/div>\n\t\t\t\t\t<\/div>\n\t\t\t\t<\/div>\n\t\t<div class=\"elementor-element elementor-element-586edf7 e-grid e-con-boxed elementor-invisible e-con e-parent\" data-id=\"586edf7\" data-element_type=\"container\" data-e-type=\"container\" data-settings=\"{&quot;background_background&quot;:&quot;classic&quot;,&quot;animation&quot;:&quot;fadeInUp&quot;}\">\n\t\t\t\t\t<div class=\"e-con-inner\">\n\t\t<div class=\"elementor-element elementor-element-e7b03ab e-con-full e-flex e-con e-child\" data-id=\"e7b03ab\" data-element_type=\"container\" data-e-type=\"container\">\n\t\t\t\t<div class=\"elementor-element elementor-element-d4a2316 elementor-widget elementor-widget-text-editor\" data-id=\"d4a2316\" data-element_type=\"widget\" data-e-type=\"widget\" data-widget_type=\"text-editor.default\">\n\t\t\t\t<div class=\"elementor-widget-container\">\n\t\t\t\t\t\t\t\t\t<h3><strong>LE CONFORT HAUT DE GAMME<\/strong><\/h3><ul><li><p class=\"ds-markdown-paragraph\">Capacit\u00e9 : 6-10 personnes<\/p><\/li><li><p class=\"ds-markdown-paragraph\">3 espaces nuit + 1 bureau<\/p><\/li><li><p class=\"ds-markdown-paragraph\">Cuisine compl\u00e8tement \u00e9quip\u00e9e (plaques, robot multifonction)<\/p><\/li><li><p class=\"ds-markdown-paragraph\">Service m\u00e9nage optionnel<\/p><\/li><\/ul>\t\t\t\t\t\t\t\t<\/div>\n\t\t\t\t<\/div>\n\t\t\t\t<\/div>\n\t\t<div class=\"elementor-element elementor-element-566a7d0 e-con-full e-flex e-con e-child\" data-id=\"566a7d0\" data-element_type=\"container\" data-e-type=\"container\">\n\t\t<div class=\"elementor-element elementor-element-1ae09fe e-con-full e-flex e-con e-child\" data-id=\"1ae09fe\" data-element_type=\"container\" data-e-type=\"container\">\n\t\t\t\t<div class=\"elementor-element elementor-element-d9aef21 elementor-widget elementor-widget-text-editor\" data-id=\"d9aef21\" data-element_type=\"widget\" data-e-type=\"widget\" data-widget_type=\"text-editor.default\">\n\t\t\t\t<div class=\"elementor-widget-container\">\n\t\t\t\t\t\t\t\t\t<h3><strong>\u00c9QUIPEMENT PREMIUM<\/strong><\/h3><ul><li><p class=\"ds-markdown-paragraph\">Machine \u00e0 caf\u00e9 \u00e0 grains Phillips\u00a0<\/p><\/li><li><p class=\"ds-markdown-paragraph\">Lave-linge et S\u00e8che-linge silencieux<\/p><\/li><li><p class=\"ds-markdown-paragraph\">Climatisation r\u00e9versible<\/p><\/li><li><p class=\"ds-markdown-paragraph\">\u00c9cran TV 55&Prime; avec le wifi.<\/p><\/li><li>Wifi gratuit et fibre<\/li><li><p class=\"ds-markdown-paragraph\">Coffre-fort \u00e9lectronique<\/p><\/li><\/ul>\t\t\t\t\t\t\t\t<\/div>\n\t\t\t\t<\/div>\n\t\t\t\t<\/div>\n\t\t\t\t<\/div>\n\t\t<div class=\"elementor-element elementor-element-4b01c7f e-con-full e-flex e-con e-child\" data-id=\"4b01c7f\" data-element_type=\"container\" data-e-type=\"container\">\n\t\t\t\t<div class=\"elementor-element elementor-element-0b4e1fd elementor-align-center elementor-widget elementor-widget-xpro-button\" data-id=\"0b4e1fd\" data-element_type=\"widget\" data-e-type=\"widget\" data-widget_type=\"xpro-button.default\">\n\t\t\t\t<div class=\"elementor-widget-container\">\n\t\t\t\t\t\n<a  href=\"\/en\/reservation\/\" class=\"xpro-elementor-button xpro-elementor-button-animation-none xpro-align-icon-right\">\n<span class=\"xpro-elementor-button-inner\">\n<span class=\"xpro-button-text\">Book<\/span>\n<\/span>\n<\/a>\n\t\t\t\t<\/div>\n\t\t\t\t<\/div>\n\t\t\t\t<\/div>\n\t\t\t\t\t<\/div>\n\t\t\t\t<\/div>\n\t\t<div class=\"elementor-element elementor-element-b3ca5bf e-flex e-con-boxed e-con e-parent\" data-id=\"b3ca5bf\" data-element_type=\"container\" data-e-type=\"container\">\n\t\t\t\t\t<div class=\"e-con-inner\">\n\t\t\t\t<div class=\"elementor-element elementor-element-2f1d195 elementor-widget elementor-widget-html\" data-id=\"2f1d195\" data-element_type=\"widget\" data-e-type=\"widget\" data-widget_type=\"html.default\">\n\t\t\t\t<div class=\"elementor-widget-container\">\n\t\t\t\t\t<style>\n\/* Conteneur du titre *\/\n.titre-anime-container {\n    text-align: center;\n    width: 100%;\n    margin: 0 auto;\n    padding-top: 20px; \/* Espace au-dessus du titre *\/\n}\n\n\/* Style du titre *\/\n.titre-anime {\n    font-size: 40px;\n    font-weight: bold;\n    position: relative;\n    display: inline-block;\n    margin: 0;\n    padding-bottom: 10px; \/* Espace pour l'animation *\/\n    color: white; \/* Changement en blanc *\/\n}\n\n\/* Animation de soulignement *\/\n.titre-anime::after {\n    content: '';\n    position: absolute;\n    bottom: 0;\n    left: 50%; \/* Commence au centre *\/\n    transform: translateX(-50%);\n    width: 0;\n    height: 4px;\n    background-color: white; \/* Changement en blanc *\/\n    transition: width 0.4s ease-out;\n}\n\n.titre-anime:hover::after {\n    width: 100%; \/* S'\u00e9tend jusqu'aux bords *\/\n    left: 0; \/* R\u00e9initialise la position *\/\n    transform: translateX(0);\n}\n\n\/* Style de base - 30px \u00e9quivalent visuel *\/\n.merriweather-30px {\n    font-family: 'Merriweather', serif;\n    font-size: 24px; \/* 24px r\u00e9el pour 30px visuel avec line-height *\/\n    line-height: 1.25; \/* = 30px (24 * 1.25) *\/\n    color: white; \/* Changement en blanc *\/\n    font-weight: 400;\n    letter-spacing: 0.1px;\n    margin: 0 0 15px 0;\n    text-rendering: geometricPrecision;\n}\n\n\/* Variantes *\/\n.merriweather-30px.light {\n    font-weight: 300;\n    font-style: italic;\n    color: white; \/* Changement en blanc *\/\n}\n\n.merriweather-30px.bold {\n    font-weight: 700;\n    color: white; \/* Changement en blanc *\/\n}\n<\/style>\t\t\t\t<\/div>\n\t\t\t\t<\/div>\n\t\t\t\t\t<\/div>\n\t\t\t\t<\/div>\n\t\t\t\t<\/div>","protected":false},"excerpt":{"rendered":"<p>G\u00eete Le Prince Charmant Le g\u00eete Le Prince Charmant Con\u00e7u pour 6 \u00e0 10 personnes, ce g\u00eete communicant avec \u00ab\u00a0La Belle au Bois Dormant\u00a0\u00bb allie luxe et modernit\u00e9. Son hall d&rsquo;entr\u00e9e donne sur deux chambres RDC dont une avec dressing int\u00e9gr\u00e9. L&rsquo;espace \u00e0 l&rsquo;\u00e9tage \u00e9blouit par son salon lumineux muni de si\u00e8ges Relax et sa [&hellip;]<\/p>","protected":false},"author":1,"featured_media":0,"parent":0,"menu_order":0,"comment_status":"closed","ping_status":"closed","template":"","meta":{"footnotes":""},"class_list":["post-2559","page","type-page","status-publish","hentry"],"_links":{"self":[{"href":"https:\/\/locations-saisonnieres-epinal-dinoze.fr\/en\/wp-json\/wp\/v2\/pages\/2559","targetHints":{"allow":["GET"]}}],"collection":[{"href":"https:\/\/locations-saisonnieres-epinal-dinoze.fr\/en\/wp-json\/wp\/v2\/pages"}],"about":[{"href":"https:\/\/locations-saisonnieres-epinal-dinoze.fr\/en\/wp-json\/wp\/v2\/types\/page"}],"author":[{"embeddable":true,"href":"https:\/\/locations-saisonnieres-epinal-dinoze.fr\/en\/wp-json\/wp\/v2\/users\/1"}],"replies":[{"embeddable":true,"href":"https:\/\/locations-saisonnieres-epinal-dinoze.fr\/en\/wp-json\/wp\/v2\/comments?post=2559"}],"version-history":[{"count":58,"href":"https:\/\/locations-saisonnieres-epinal-dinoze.fr\/en\/wp-json\/wp\/v2\/pages\/2559\/revisions"}],"predecessor-version":[{"id":3699,"href":"https:\/\/locations-saisonnieres-epinal-dinoze.fr\/en\/wp-json\/wp\/v2\/pages\/2559\/revisions\/3699"}],"wp:attachment":[{"href":"https:\/\/locations-saisonnieres-epinal-dinoze.fr\/en\/wp-json\/wp\/v2\/media?parent=2559"}],"curies":[{"name":"wp","href":"https:\/\/api.w.org\/{rel}","templated":true}]}}