{"id":2557,"date":"2025-06-18T09:27:21","date_gmt":"2025-06-18T09:27:21","guid":{"rendered":"http:\/\/locations-saisonnieres-epinal-dinoze.fr\/?page_id=2557"},"modified":"2025-07-07T09:03:17","modified_gmt":"2025-07-07T09:03:17","slug":"la-belle-au-bois-dormant","status":"publish","type":"page","link":"https:\/\/locations-saisonnieres-epinal-dinoze.fr\/en\/la-belle-au-bois-dormant\/","title":{"rendered":"La Belle au Bois Dormant"},"content":{"rendered":"<div data-elementor-type=\"wp-page\" data-elementor-id=\"2557\" class=\"elementor elementor-2557\">\n\t\t\t\t<div class=\"elementor-element elementor-element-4c54331 e-flex e-con-boxed elementor-invisible e-con e-parent\" data-id=\"4c54331\" data-element_type=\"container\" data-e-type=\"container\" data-settings=\"{&quot;background_background&quot;:&quot;classic&quot;,&quot;animation&quot;:&quot;fadeInUp&quot;}\">\n\t\t\t\t\t<div class=\"e-con-inner\">\n\t\t\t\t<div class=\"elementor-element elementor-element-80060fa elementor-widget elementor-widget-heading\" data-id=\"80060fa\" data-element_type=\"widget\" data-e-type=\"widget\" data-widget_type=\"heading.default\">\n\t\t\t\t<div class=\"elementor-widget-container\">\n\t\t\t\t\t<h2 class=\"elementor-heading-title elementor-size-default\">La belle au bois dormant<\/h2>\t\t\t\t<\/div>\n\t\t\t\t<\/div>\n\t\t\t\t\t<\/div>\n\t\t\t\t<\/div>\n\t\t<div class=\"elementor-element elementor-element-9f5e00c e-grid e-con-boxed elementor-invisible e-con e-parent\" data-id=\"9f5e00c\" data-element_type=\"container\" data-e-type=\"container\" data-settings=\"{&quot;background_background&quot;:&quot;classic&quot;,&quot;animation&quot;:&quot;fadeInUp&quot;}\">\n\t\t\t\t\t<div class=\"e-con-inner\">\n\t\t<div class=\"elementor-element elementor-element-e5c089a e-con-full e-flex e-con e-child\" data-id=\"e5c089a\" data-element_type=\"container\" data-e-type=\"container\">\n\t\t<div class=\"elementor-element elementor-element-34b1812 e-con-full e-flex e-con e-child\" data-id=\"34b1812\" data-element_type=\"container\" data-e-type=\"container\">\n\t\t\t\t<div class=\"elementor-element elementor-element-0348e4e elementor-widget elementor-widget-shortcode\" data-id=\"0348e4e\" data-element_type=\"widget\" data-e-type=\"widget\" data-widget_type=\"shortcode.default\">\n\t\t\t\t<div class=\"elementor-widget-container\">\n\t\t\t\t\t\t\t<div class=\"elementor-shortcode\">  <\/div>\n\t\t\t\t\t\t<\/div>\n\t\t\t\t<\/div>\n\t\t\t\t<div class=\"elementor-element elementor-element-3b1796e elementor-widget elementor-widget-html\" data-id=\"3b1796e\" data-element_type=\"widget\" data-e-type=\"widget\" data-widget_type=\"html.default\">\n\t\t\t\t<div class=\"elementor-widget-container\">\n\t\t\t\t\t<div class=\"titre-anime-container\">\n    <h1 class=\"titre-anime\">G\u00eete de La Belle Au Bois Dormant<\/h1>\n<\/div>\t\t\t\t<\/div>\n\t\t\t\t<\/div>\n\t\t\t\t<div class=\"elementor-element elementor-element-d5fa95b elementor-widget elementor-widget-text-editor\" data-id=\"d5fa95b\" data-element_type=\"widget\" data-e-type=\"widget\" data-widget_type=\"text-editor.default\">\n\t\t\t\t<div class=\"elementor-widget-container\">\n\t\t\t\t\t\t\t\t\t<p>Ideal for families or groups of up to 10 people, this charming rustic g\u00eete extends over three half-levels with 4 bedrooms. Its warm atmosphere combines exposed beams and natural materials. The main living area includes a kitchen opening onto a spacious dining room and a lounge with a large sofa and television. A library and study area complete this convivial space.<\/p>\t\t\t\t\t\t\t\t<\/div>\n\t\t\t\t<\/div>\n\t\t\t\t<div class=\"elementor-element elementor-element-21eaee9 elementor-widget elementor-widget-text-editor\" data-id=\"21eaee9\" data-element_type=\"widget\" data-e-type=\"widget\" data-widget_type=\"text-editor.default\">\n\t\t\t\t<div class=\"elementor-widget-container\">\n\t\t\t\t\t\t\t\t\t<h3><strong>LE CONFORT DE CE G\u00ceTE<\/strong><\/h3><ul><li><p class=\"ds-markdown-paragraph\">Capacit\u00e9 : 10 personnes<\/p><\/li><li><p class=\"ds-markdown-paragraph\">4 chambres + 1 espace bureau<\/p><\/li><li><p class=\"ds-markdown-paragraph\">Cuisine \u00e9quip\u00e9e (lave-vaisselle, four, micro-ondes)<\/p><\/li><li><p class=\"ds-markdown-paragraph\">Deux salles d&rsquo;eau (dont une privative)<\/p><\/li><li><p class=\"ds-markdown-paragraph\">Animaux accept\u00e9s sur demande<\/p><\/li><li><p class=\"ds-markdown-paragraph\">Non-fumeur<\/p><\/li><\/ul>\t\t\t\t\t\t\t\t<\/div>\n\t\t\t\t<\/div>\n\t\t\t\t<\/div>\n\t\t\t\t<\/div>\n\t\t<div class=\"elementor-element elementor-element-90038f8 e-con-full e-flex e-con e-child\" data-id=\"90038f8\" data-element_type=\"container\" data-e-type=\"container\">\n\t\t<div class=\"elementor-element elementor-element-ff6009b e-con-full e-flex e-con e-child\" data-id=\"ff6009b\" data-element_type=\"container\" data-e-type=\"container\">\n\t\t\t\t<div class=\"elementor-element elementor-element-7169868 elementor-widget elementor-widget-shortcode\" data-id=\"7169868\" data-element_type=\"widget\" data-e-type=\"widget\" data-widget_type=\"shortcode.default\">\n\t\t\t\t<div class=\"elementor-widget-container\">\n\t\t\t\t\t\t\t<div class=\"elementor-shortcode\">  <\/div>\n\t\t\t\t\t\t<\/div>\n\t\t\t\t<\/div>\n\t\t\t\t<div class=\"elementor-element elementor-element-8f57eb4 elementor-widget elementor-widget-html\" data-id=\"8f57eb4\" data-element_type=\"widget\" data-e-type=\"widget\" data-widget_type=\"html.default\">\n\t\t\t\t<div class=\"elementor-widget-container\">\n\t\t\t\t\t<div class=\"titre-anime-container\">\n    <h1 class=\"titre-anime\">Les chambres du g\u00eete<\/h1>\n<\/div>\t\t\t\t<\/div>\n\t\t\t\t<\/div>\n\t\t\t\t<div class=\"elementor-element elementor-element-dedc795 elementor-widget elementor-widget-text-editor\" data-id=\"dedc795\" data-element_type=\"widget\" data-e-type=\"widget\" data-widget_type=\"text-editor.default\">\n\t\t\t\t<div class=\"elementor-widget-container\">\n\t\t\t\t\t\t\t\t\t<p>This g\u00eete has four bedrooms spread over three levels. On the ground floor, there is a bedroom with a double bed and en-suite shower room. Upstairs, we can accommodate up to four people with two double beds, one of which is in a mazzanine. The second floor has a bedroom with two single beds and a study, and another bedroom with a double bed. The main bathroom, located on the top floor, is spacious and equipped with a bathtub, two washbasins and generous storage space, with towels provided.<\/p>\t\t\t\t\t\t\t\t<\/div>\n\t\t\t\t<\/div>\n\t\t\t\t<div class=\"elementor-element elementor-element-e2b86b6 elementor-widget elementor-widget-text-editor\" data-id=\"e2b86b6\" data-element_type=\"widget\" data-e-type=\"widget\" data-widget_type=\"text-editor.default\">\n\t\t\t\t<div class=\"elementor-widget-container\">\n\t\t\t\t\t\t\t\t\t<h3><strong>\u00c9QUIPEMENT INT\u00c9RIEUR<\/strong><\/h3><ul><li><p class=\"ds-markdown-paragraph\">Lave-linge et s\u00e8che-linge dans la lingerie<\/p><\/li><li><p class=\"ds-markdown-paragraph\">Wi-Fi haut d\u00e9bit<\/p><\/li><li><p class=\"ds-markdown-paragraph\">Syst\u00e8me de chauffage central<\/p><\/li><li><p class=\"ds-markdown-paragraph\">T\u00e9l\u00e9vision \u00e9cran plat<\/p><\/li><li><p class=\"ds-markdown-paragraph\">Jeux de soci\u00e9t\u00e9 et biblioth\u00e8que partag\u00e9e<\/p><\/li><\/ul>\t\t\t\t\t\t\t\t<\/div>\n\t\t\t\t<\/div>\n\t\t\t\t<\/div>\n\t\t\t\t<\/div>\n\t\t<div class=\"elementor-element elementor-element-9ae93f4 e-con-full e-flex e-con e-child\" data-id=\"9ae93f4\" data-element_type=\"container\" data-e-type=\"container\">\n\t\t<div class=\"elementor-element elementor-element-a4de72b e-con-full e-flex e-con e-child\" data-id=\"a4de72b\" data-element_type=\"container\" data-e-type=\"container\">\n\t\t\t\t<div class=\"elementor-element elementor-element-e539d61 elementor-widget elementor-widget-shortcode\" data-id=\"e539d61\" data-element_type=\"widget\" data-e-type=\"widget\" data-widget_type=\"shortcode.default\">\n\t\t\t\t<div class=\"elementor-widget-container\">\n\t\t\t\t\t\t\t<div class=\"elementor-shortcode\">  <\/div>\n\t\t\t\t\t\t<\/div>\n\t\t\t\t<\/div>\n\t\t\t\t<div class=\"elementor-element elementor-element-eb4a93b elementor-widget elementor-widget-html\" data-id=\"eb4a93b\" data-element_type=\"widget\" data-e-type=\"widget\" data-widget_type=\"html.default\">\n\t\t\t\t<div class=\"elementor-widget-container\">\n\t\t\t\t\t<div class=\"titre-anime-container\">\n    <h1 class=\"titre-anime\">L'ext\u00e9rieur du g\u00eete<\/h1>\n<\/div>\t\t\t\t<\/div>\n\t\t\t\t<\/div>\n\t\t\t\t<div class=\"elementor-element elementor-element-0dec17d elementor-widget elementor-widget-text-editor\" data-id=\"0dec17d\" data-element_type=\"widget\" data-e-type=\"widget\" data-widget_type=\"text-editor.default\">\n\t\t\t\t<div class=\"elementor-widget-container\">\n\t\t\t\t\t\t\t\t\t<p>The g\u00eete has two terraces: one covered with garden furniture and the other with an awning. The immediate vicinity of the forested area makes for superb walks starting from the g\u00eete, while the jacuzzi and barbecue are perfect for summer evenings. A private car park and bicycle storage facilities complete the outdoor facilities.<\/p>\t\t\t\t\t\t\t\t<\/div>\n\t\t\t\t<\/div>\n\t\t<div class=\"elementor-element elementor-element-3692756 e-con-full e-flex e-con e-child\" data-id=\"3692756\" data-element_type=\"container\" data-e-type=\"container\">\n\t\t\t\t<div class=\"elementor-element elementor-element-f87aef2 elementor-align-center elementor-widget elementor-widget-xpro-button\" data-id=\"f87aef2\" data-element_type=\"widget\" data-e-type=\"widget\" data-widget_type=\"xpro-button.default\">\n\t\t\t\t<div class=\"elementor-widget-container\">\n\t\t\t\t\t\n<a  href=\"\/en\/reservation\/\" class=\"xpro-elementor-button xpro-elementor-button-animation-none xpro-align-icon-right\">\n<span class=\"xpro-elementor-button-inner\">\n<span class=\"xpro-button-text\">Book<\/span>\n<\/span>\n<\/a>\n\t\t\t\t<\/div>\n\t\t\t\t<\/div>\n\t\t\t\t<\/div>\n\t\t\t\t<\/div>\n\t\t\t\t<\/div>\n\t\t\t\t\t<\/div>\n\t\t\t\t<\/div>\n\t\t<div class=\"elementor-element elementor-element-d9b3f4c e-flex e-con-boxed e-con e-parent\" data-id=\"d9b3f4c\" data-element_type=\"container\" data-e-type=\"container\">\n\t\t\t\t\t<div class=\"e-con-inner\">\n\t\t\t\t<div class=\"elementor-element elementor-element-27a28d7 elementor-widget elementor-widget-html\" data-id=\"27a28d7\" data-element_type=\"widget\" data-e-type=\"widget\" data-widget_type=\"html.default\">\n\t\t\t\t<div class=\"elementor-widget-container\">\n\t\t\t\t\t<style>\/* Conteneur du titre *\/\n.titre-anime-container {\n    text-align: center;\n    width: 100%;\n    margin: 0 auto;\n    padding-top: 20px; \/* Espace au-dessus du titre *\/\n}\n\n\/* Style du titre *\/\n.titre-anime {\n    font-size: 40px;\n    font-weight: bold;\n    position: relative;\n    display: inline-block;\n    margin: 0;\n    padding-bottom: 10px; \/* Espace pour l'animation *\/\n}\n\n\/* Animation de soulignement *\/\n.titre-anime::after {\n    content: '';\n    position: absolute;\n    bottom: 0;\n    left: 50%; \/* Commence au centre *\/\n    transform: translateX(-50%);\n    width: 0;\n    height: 4px;\n    background-color: #000;\n    transition: width 0.4s ease-out;\n}\n\n.titre-anime:hover::after {\n    width: 100%; \/* S'\u00e9tend jusqu'aux bords *\/\n    left: 0; \/* R\u00e9initialise la position *\/\n    transform: translateX(0);\n}\n\n\n\/* Style de base - 30px \u00e9quivalent visuel *\/\n.merriweather-30px {\n    font-family: 'Merriweather', serif;\n    font-size: 24px; \/* 24px r\u00e9el pour 30px visuel avec line-height *\/\n    line-height: 1.25; \/* = 30px (24 * 1.25) *\/\n    color: #333;\n    font-weight: 400;\n    letter-spacing: 0.1px;\n    margin: 0 0 15px 0;\n    text-rendering: geometricPrecision;\n}\n\n\/* Variantes *\/\n.merriweather-30px.light {\n    font-weight: 300;\n    font-style: italic;\n}\n\n.merriweather-30px.bold {\n    font-weight: 700;\n    color: #000;\n}<\/style>\n\t\t\t\t<\/div>\n\t\t\t\t<\/div>\n\t\t\t\t\t<\/div>\n\t\t\t\t<\/div>\n\t\t\t\t<\/div>","protected":false},"excerpt":{"rendered":"<p>La belle au bois dormant G\u00eete de La Belle Au Bois Dormant Id\u00e9al pour les familles ou groupes jusqu&rsquo;\u00e0 10 personnes, ce g\u00eete rustique de charme s&rsquo;\u00e9tend sur trois demi-niveaux avec 4 chambres. Son ambiance chaleureuse m\u00eale poutres apparentes et mat\u00e9riaux naturels. L&rsquo;espace de vie principal comprend une cuisine ouverte sur une salle \u00e0 manger [&hellip;]<\/p>","protected":false},"author":1,"featured_media":0,"parent":0,"menu_order":0,"comment_status":"closed","ping_status":"closed","template":"","meta":{"footnotes":""},"class_list":["post-2557","page","type-page","status-publish","hentry"],"_links":{"self":[{"href":"https:\/\/locations-saisonnieres-epinal-dinoze.fr\/en\/wp-json\/wp\/v2\/pages\/2557","targetHints":{"allow":["GET"]}}],"collection":[{"href":"https:\/\/locations-saisonnieres-epinal-dinoze.fr\/en\/wp-json\/wp\/v2\/pages"}],"about":[{"href":"https:\/\/locations-saisonnieres-epinal-dinoze.fr\/en\/wp-json\/wp\/v2\/types\/page"}],"author":[{"embeddable":true,"href":"https:\/\/locations-saisonnieres-epinal-dinoze.fr\/en\/wp-json\/wp\/v2\/users\/1"}],"replies":[{"embeddable":true,"href":"https:\/\/locations-saisonnieres-epinal-dinoze.fr\/en\/wp-json\/wp\/v2\/comments?post=2557"}],"version-history":[{"count":64,"href":"https:\/\/locations-saisonnieres-epinal-dinoze.fr\/en\/wp-json\/wp\/v2\/pages\/2557\/revisions"}],"predecessor-version":[{"id":3696,"href":"https:\/\/locations-saisonnieres-epinal-dinoze.fr\/en\/wp-json\/wp\/v2\/pages\/2557\/revisions\/3696"}],"wp:attachment":[{"href":"https:\/\/locations-saisonnieres-epinal-dinoze.fr\/en\/wp-json\/wp\/v2\/media?parent=2557"}],"curies":[{"name":"wp","href":"https:\/\/api.w.org\/{rel}","templated":true}]}}