{"id":1469,"date":"2025-06-18T08:29:43","date_gmt":"2025-06-18T08:29:43","guid":{"rendered":"http:\/\/locations-saisonnieres-epinal-dinoze.fr\/contact\/"},"modified":"2025-07-08T13:07:04","modified_gmt":"2025-07-08T13:07:04","slug":"contact","status":"publish","type":"page","link":"https:\/\/locations-saisonnieres-epinal-dinoze.fr\/en\/contact\/","title":{"rendered":"Contact"},"content":{"rendered":"<div data-elementor-type=\"wp-post\" data-elementor-id=\"1469\" class=\"elementor elementor-1469\">\n\t\t\t\t<div class=\"elementor-element elementor-element-296b94c e-con-full e-flex elementor-invisible e-con e-parent\" data-id=\"296b94c\" data-element_type=\"container\" data-e-type=\"container\" data-settings=\"{&quot;background_background&quot;:&quot;classic&quot;,&quot;animation&quot;:&quot;fadeIn&quot;}\">\n\t\t\t\t<div class=\"elementor-element elementor-element-8aa6359 elementor-widget__width-initial elementor-invisible elementor-widget elementor-widget-heading\" data-id=\"8aa6359\" data-element_type=\"widget\" data-e-type=\"widget\" data-settings=\"{&quot;_animation&quot;:&quot;fadeInUp&quot;}\" data-widget_type=\"heading.default\">\n\t\t\t\t<div class=\"elementor-widget-container\">\n\t\t\t\t\t<h1 class=\"elementor-heading-title elementor-size-default\">Contact us<\/h1>\t\t\t\t<\/div>\n\t\t\t\t<\/div>\n\t\t\t\t<\/div>\n\t\t<div class=\"elementor-element elementor-element-2f83913 e-con-full e-flex e-con e-parent\" data-id=\"2f83913\" data-element_type=\"container\" data-e-type=\"container\" data-settings=\"{&quot;background_background&quot;:&quot;gradient&quot;}\">\n\t\t<div class=\"elementor-element elementor-element-3517732 e-con-full e-flex e-con e-child\" data-id=\"3517732\" data-element_type=\"container\" data-e-type=\"container\">\n\t\t\t\t<div class=\"elementor-element elementor-element-e8f76bb elementor-widget elementor-widget-html\" data-id=\"e8f76bb\" data-element_type=\"widget\" data-e-type=\"widget\" data-widget_type=\"html.default\">\n\t\t\t\t<div class=\"elementor-widget-container\">\n\t\t\t\t\t<link href=\"https:\/\/cdnjs.cloudflare.com\/ajax\/libs\/font-awesome\/6.5.0\/css\/all.min.css\" rel=\"stylesheet\">\n\n<div style=\"max-width: 600px; margin: auto; background: #fff8f0; padding: 30px; border-radius: 16px; box-shadow: 0 4px 12px rgba(0,0,0,0.1); font-family: 'Segoe UI', sans-serif; color: #3e3e3e; line-height: 1.6;\">\n  \n  <h2 style=\"text-align: center; color: #5a3e2b; margin-bottom: 20px;\">\n    <i class=\"fas fa-house-chimney\" style=\"margin-right: 8px; color: #8a5e3b;\"><\/i>\n    Contact and Access\n  <\/h2>\n  \n  <p>\n    <i class=\"fas fa-envelope\" style=\"color: #c08457; margin-right: 10px;\"><\/i>\n    <strong>Email :<\/strong>\n    <a href=\"mailto:mangin.loisir@gmail.com\" style=\"color: #8a5e3b; text-decoration: none;\">\n      mangin.loisir@gmail.com\n    <\/a>\n  <\/p>\n  \n  <p>\n    <i class=\"fas fa-phone\" style=\"color: #c08457; margin-right: 10px;\"><\/i>\n    <strong>Phone<\/strong>\n    <a href=\"tel:+33608895910\" style=\"color: #8a5e3b; text-decoration: none;\">\n      +33 6 08 89 59 10\n    <\/a>\n  <\/p>\n  \n  <p>\n    <i class=\"fas fa-map-marker-alt\" style=\"color: #c08457; margin-right: 10px;\"><\/i>\n    <strong>Addresses of g\u00eetes :<\/strong>\n    <a href=\"https:\/\/www.google.com\/maps?q=335+rue+de+la+hou\u00e9e+88000+dinoz\u00e9\" target=\"_blank\" rel=\"noopener noreferrer\" style=\"color: #8a5e3b; text-decoration: none;\">\n      335 rue de la Hou\u00e9e, 88000 Dinoz\u00e9\n    <\/a>\n  <\/p>\n  \n  <p>\n    <i class=\"fas fa-map-marker-alt\" style=\"color: #c08457; margin-right: 10px;\"><\/i>\n    <strong>Address of the guest house :<\/strong>\n    <a href=\"https:\/\/www.google.com\/maps?q=644+rue+de+la+haute+roche+88000+dinoz\u00e9\" target=\"_blank\" rel=\"noopener noreferrer\" style=\"color: #8a5e3b; text-decoration: none;\">\n      644 rue de la Haute Roche, 88000 Dinoz\u00e9\n    <\/a>\n  <\/p>\n<\/div>\n\t\t\t\t<\/div>\n\t\t\t\t<\/div>\n\t\t\t\t<\/div>\n\t\t<div class=\"elementor-element elementor-element-75e6114 e-con-full e-flex e-con e-child\" data-id=\"75e6114\" data-element_type=\"container\" data-e-type=\"container\">\n\t\t\t\t<div class=\"elementor-element elementor-element-f9eab34 elementor-widget elementor-widget-heading\" data-id=\"f9eab34\" data-element_type=\"widget\" data-e-type=\"widget\" data-widget_type=\"heading.default\">\n\t\t\t\t<div class=\"elementor-widget-container\">\n\t\t\t\t\t<h3 class=\"elementor-heading-title elementor-size-default\">Contact us<\/h3>\t\t\t\t<\/div>\n\t\t\t\t<\/div>\n\t\t\t\t<div class=\"elementor-element elementor-element-82049ed elementor-widget elementor-widget-shortcode\" data-id=\"82049ed\" data-element_type=\"widget\" data-e-type=\"widget\" data-widget_type=\"shortcode.default\">\n\t\t\t\t<div class=\"elementor-widget-container\">\n\t\t\t\t\t\t\t<div class=\"elementor-shortcode\">\n<div class=\"wpcf7 no-js\" id=\"wpcf7-f1116-o1\" lang=\"fr-FR\" dir=\"ltr\" data-wpcf7-id=\"1116\">\n<div class=\"screen-reader-response\"><p role=\"status\" aria-live=\"polite\" aria-atomic=\"true\"><\/p> <ul><\/ul><\/div>\n<form action=\"\/en\/wp-json\/wp\/v2\/pages\/1469#wpcf7-f1116-o1\" method=\"post\" class=\"wpcf7-form init\" aria-label=\"Formulaire de contact\" novalidate=\"novalidate\" data-status=\"init\" data-trp-original-action=\"\/en\/wp-json\/wp\/v2\/pages\/1469#wpcf7-f1116-o1\">\n<fieldset class=\"hidden-fields-container\"><input type=\"hidden\" name=\"_wpcf7\" value=\"1116\" \/><input type=\"hidden\" name=\"_wpcf7_version\" value=\"6.1.5\" \/><input type=\"hidden\" name=\"_wpcf7_locale\" value=\"fr_FR\" \/><input type=\"hidden\" name=\"_wpcf7_unit_tag\" value=\"wpcf7-f1116-o1\" \/><input type=\"hidden\" name=\"_wpcf7_container_post\" value=\"0\" \/><input type=\"hidden\" name=\"_wpcf7_posted_data_hash\" value=\"\" \/>\n<\/fieldset>\n<p><label> Name<br \/>\n<span class=\"wpcf7-form-control-wrap\" data-name=\"your-name\"><input size=\"40\" maxlength=\"400\" class=\"wpcf7-form-control wpcf7-text wpcf7-validates-as-required\" autocomplete=\"name\" aria-required=\"true\" aria-invalid=\"false\" value=\"\" type=\"text\" name=\"your-name\" \/><\/span> <\/label>\n<\/p>\n<p><label> Mail<br \/>\n<span class=\"wpcf7-form-control-wrap\" data-name=\"your-email\"><input size=\"40\" maxlength=\"400\" class=\"wpcf7-form-control wpcf7-email wpcf7-validates-as-required wpcf7-text wpcf7-validates-as-email\" autocomplete=\"email\" aria-required=\"true\" aria-invalid=\"false\" value=\"\" type=\"email\" name=\"your-email\" \/><\/span> <\/label>\n<\/p>\n<p><label> Object<br \/>\n<span class=\"wpcf7-form-control-wrap\" data-name=\"your-subject\"><input size=\"40\" maxlength=\"400\" class=\"wpcf7-form-control wpcf7-text wpcf7-validates-as-required\" aria-required=\"true\" aria-invalid=\"false\" value=\"\" type=\"text\" name=\"your-subject\" \/><\/span> <\/label>\n<\/p>\n<p><label> Message (optional)<br \/>\n<span class=\"wpcf7-form-control-wrap\" data-name=\"your-message\"><textarea cols=\"40\" rows=\"10\" maxlength=\"2000\" class=\"wpcf7-form-control wpcf7-textarea\" aria-invalid=\"false\" name=\"your-message\"><\/textarea><\/span> <\/label><br \/>\n<span class=\"wpcf7-form-control-wrap\" data-name=\"your-acceptance\"><span class=\"wpcf7-form-control wpcf7-acceptance\"><span class=\"wpcf7-list-item\"><label><input type=\"checkbox\" name=\"your-acceptance\" value=\"1\" aria-invalid=\"false\" \/><span class=\"wpcf7-list-item-label\">I agree to my e-mail address being stored in order to provide a response<\/span><\/label><\/span><\/span><\/span>\n<\/p>\n<p><input class=\"wpcf7-form-control wpcf7-submit has-spinner\" type=\"submit\" value=\"Send\" \/>\n<\/p><p style=\"display: none !important;\" class=\"akismet-fields-container\" data-prefix=\"_wpcf7_ak_\"><label>&#916;<textarea name=\"_wpcf7_ak_hp_textarea\" cols=\"45\" rows=\"8\" maxlength=\"100\"><\/textarea><\/label><input type=\"hidden\" id=\"ak_js_1\" name=\"_wpcf7_ak_js\" value=\"140\"\/><script>document.getElementById( \"ak_js_1\" ).setAttribute( \"value\", ( new Date() ).getTime() );<\/script><\/p><div class=\"wpcf7-response-output\" aria-hidden=\"true\"><\/div>\n<input type=\"hidden\" name=\"trp-form-language\" value=\"en\"\/><\/form>\n<\/div>\n<\/div>\n\t\t\t\t\t\t<\/div>\n\t\t\t\t<\/div>\n\t\t\t\t<\/div>\n\t\t\t\t<\/div>\n\t\t<div class=\"elementor-element elementor-element-5ab08da e-flex e-con-boxed e-con e-parent\" data-id=\"5ab08da\" data-element_type=\"container\" data-e-type=\"container\">\n\t\t\t\t\t<div class=\"e-con-inner\">\n\t\t\t\t<div class=\"elementor-element elementor-element-ac6c29e elementor-widget elementor-widget-html\" data-id=\"ac6c29e\" data-element_type=\"widget\" data-e-type=\"widget\" data-widget_type=\"html.default\">\n\t\t\t\t<div class=\"elementor-widget-container\">\n\t\t\t\t\t<!-- Feuilles de style Leaflet -->\n<link rel=\"stylesheet\" href=\"https:\/\/unpkg.com\/leaflet@1.9.4\/dist\/leaflet.css\" \/>\n<link rel=\"stylesheet\" href=\"https:\/\/unpkg.com\/leaflet-routing-machine@latest\/dist\/leaflet-routing-machine.css\" \/>\n\n<!-- Champ d'adresse -->\n<input type=\"text\" id=\"startAddress\" placeholder=\"Your departure address\" style=\"width: 100%; padding: 8px; margin: 10px 0;\">\n<button onclick=\"calculateRoute()\" style=\"padding: 8px 16px;\">Show itinerary<\/button>\n\n<!-- Carte -->\n<div id=\"map\" style=\"height: 400px; margin-top: 10px;\"><\/div>\n\n<!-- Scripts JS Leaflet & Routing -->\n<script src=\"https:\/\/unpkg.com\/leaflet@1.9.4\/dist\/leaflet.js\"><\/script>\n<script src=\"https:\/\/unpkg.com\/leaflet-routing-machine@latest\/dist\/leaflet-routing-machine.min.js\"><\/script>\n\n<script>\n  const giteLat = 48.1430;\n  const giteLon = 6.4842;\n\n  var map = L.map('map').setView([giteLat, giteLon], 15);\n\n  L.tileLayer('https:\/\/{s}.tile.openstreetmap.org\/{z}\/{x}\/{y}.png', {\n    attribution: '\u00a9 OpenStreetMap contributors'\n  }).addTo(map);\n\n  L.marker([giteLat, giteLon]).addTo(map)\n    .bindPopup(\"\ud83d\udccd Domaine des Libellules<br>644 Rue de la Haute Roche, 88000 Dinoz\u00e9\")\n    .openPopup();\n\n  var routingControl;\n\n  function calculateRoute() {\n    const address = document.getElementById(\"startAddress\").value;\n\n    if (!address) {\n      alert(\"Veuillez entrer une adresse de d\u00e9part.\");\n      return;\n    }\n\n    fetch(`https:\/\/nominatim.openstreetmap.org\/search?format=json&q=${encodeURIComponent(address)}`)\n      .then(response => response.json())\n      .then(data => {\n        if (data.length === 0) {\n          alert(\"Adresse non trouv\u00e9e.\");\n          return;\n        }\n\n        const userLat = parseFloat(data[0].lat);\n        const userLon = parseFloat(data[0].lon);\n\n        if (routingControl) {\n          map.removeControl(routingControl);\n        }\n\n        routingControl = L.Routing.control({\n          waypoints: [\n            L.latLng(userLat, userLon),\n            L.latLng(giteLat, giteLon)\n          ],\n          routeWhileDragging: false,\n          language: 'fr',\n          lineOptions: {\n            styles: [{color: '#3388ff', weight: 5}]\n          }\n        }).addTo(map);\n      })\n      .catch(error => {\n        console.error('Erreur g\u00e9ocodage :', error);\n        alert(\"Erreur lors du calcul de l'itin\u00e9raire.\");\n      });\n  }\n<\/script>\n\t\t\t\t<\/div>\n\t\t\t\t<\/div>\n\t\t\t\t\t<\/div>\n\t\t\t\t<\/div>\n\t\t\t\t<\/div>","protected":false},"excerpt":{"rendered":"<p>Nous contacter Contact &#038; Acc\u00e8s Email : mangin.loisir@gmail.com T\u00e9l\u00e9phone : +33 6 08 89 59 10 Adresses des g\u00eetes : 335 rue de la Hou\u00e9e, 88000 Dinoz\u00e9 Adresse de la maison d&rsquo;h\u00f4tes : 644 rue de la Haute Roche, 88000 Dinoz\u00e9 Nous contacter par mail Afficher l&rsquo;itin\u00e9raire<\/p>","protected":false},"author":1,"featured_media":0,"parent":0,"menu_order":0,"comment_status":"closed","ping_status":"closed","template":"","meta":{"footnotes":""},"class_list":["post-1469","page","type-page","status-publish","hentry"],"_links":{"self":[{"href":"https:\/\/locations-saisonnieres-epinal-dinoze.fr\/en\/wp-json\/wp\/v2\/pages\/1469","targetHints":{"allow":["GET"]}}],"collection":[{"href":"https:\/\/locations-saisonnieres-epinal-dinoze.fr\/en\/wp-json\/wp\/v2\/pages"}],"about":[{"href":"https:\/\/locations-saisonnieres-epinal-dinoze.fr\/en\/wp-json\/wp\/v2\/types\/page"}],"author":[{"embeddable":true,"href":"https:\/\/locations-saisonnieres-epinal-dinoze.fr\/en\/wp-json\/wp\/v2\/users\/1"}],"replies":[{"embeddable":true,"href":"https:\/\/locations-saisonnieres-epinal-dinoze.fr\/en\/wp-json\/wp\/v2\/comments?post=1469"}],"version-history":[{"count":78,"href":"https:\/\/locations-saisonnieres-epinal-dinoze.fr\/en\/wp-json\/wp\/v2\/pages\/1469\/revisions"}],"predecessor-version":[{"id":3761,"href":"https:\/\/locations-saisonnieres-epinal-dinoze.fr\/en\/wp-json\/wp\/v2\/pages\/1469\/revisions\/3761"}],"wp:attachment":[{"href":"https:\/\/locations-saisonnieres-epinal-dinoze.fr\/en\/wp-json\/wp\/v2\/media?parent=1469"}],"curies":[{"name":"wp","href":"https:\/\/api.w.org\/{rel}","templated":true}]}}